{"id":129,"date":"2024-05-28T15:13:26","date_gmt":"2024-05-28T13:13:26","guid":{"rendered":"https:\/\/mta83.com\/?page_id=129"},"modified":"2024-08-03T15:18:36","modified_gmt":"2024-08-03T13:18:36","slug":"froid-marine","status":"publish","type":"page","link":"https:\/\/mta83.com\/index.php\/froid-marine\/","title":{"rendered":"Froid Marine"},"content":{"rendered":"\n<p><strong>installation \/ Entretien \/ D\u00e9pannage<\/strong><\/p>\n\n\n<div id=\"metaslider-id-720\" style=\"width: 100%;\" class=\"ml-slider-3-91-0 metaslider metaslider-flex metaslider-720 ml-slider ms-theme-default nav-hidden\" role=\"region\" aria-roledescription=\"Slideshow\" aria-label=\"Froid marine\">\n    <div id=\"metaslider_container_720\">\n        <div id=\"metaslider_720\">\n            <ul class='slides'>\n                <li style=\"display: block; width: 100%;\" class=\"slide-725 ms-image \" aria-roledescription=\"slide\" aria-label=\"slide-725\"><img loading=\"lazy\" decoding=\"async\" width=\"1060\" height=\"596\" src=\"https:\/\/mta83.com\/wp-content\/uploads\/2024\/07\/froid-marine.jpg\" class=\"slider-720 slide-725\" alt=\"\" rel=\"\" title=\"froid-marine\" style=\"margin: 0 auto; width: 76.222435282838%\" srcset=\"https:\/\/mta83.com\/wp-content\/uploads\/2024\/07\/froid-marine.jpg 1060w, https:\/\/mta83.com\/wp-content\/uploads\/2024\/07\/froid-marine-300x169.jpg 300w, https:\/\/mta83.com\/wp-content\/uploads\/2024\/07\/froid-marine-1024x576.jpg 1024w, https:\/\/mta83.com\/wp-content\/uploads\/2024\/07\/froid-marine-768x432.jpg 768w, https:\/\/mta83.com\/wp-content\/uploads\/2024\/07\/froid-marine-24x13.jpg 24w, https:\/\/mta83.com\/wp-content\/uploads\/2024\/07\/froid-marine-36x20.jpg 36w, https:\/\/mta83.com\/wp-content\/uploads\/2024\/07\/froid-marine-48x27.jpg 48w\" sizes=\"auto, (max-width: 1060px) 100vw, 1060px\" \/><\/li>\n                <li style=\"display: none; width: 100%;\" class=\"slide-726 ms-image \" aria-roledescription=\"slide\" aria-label=\"slide-726\"><img loading=\"lazy\" decoding=\"async\" width=\"888\" height=\"592\" src=\"https:\/\/mta83.com\/wp-content\/uploads\/2024\/07\/froid-marine2.jpg\" class=\"slider-720 slide-726\" alt=\"\" rel=\"\" title=\"froid-marine2\" style=\"margin: 0 auto; width: 64.285714285714%\" srcset=\"https:\/\/mta83.com\/wp-content\/uploads\/2024\/07\/froid-marine2.jpg 888w, https:\/\/mta83.com\/wp-content\/uploads\/2024\/07\/froid-marine2-300x200.jpg 300w, https:\/\/mta83.com\/wp-content\/uploads\/2024\/07\/froid-marine2-768x512.jpg 768w, https:\/\/mta83.com\/wp-content\/uploads\/2024\/07\/froid-marine2-24x16.jpg 24w, https:\/\/mta83.com\/wp-content\/uploads\/2024\/07\/froid-marine2-36x24.jpg 36w, https:\/\/mta83.com\/wp-content\/uploads\/2024\/07\/froid-marine2-48x32.jpg 48w\" sizes=\"auto, (max-width: 888px) 100vw, 888px\" \/><\/li>\n                <li style=\"display: none; width: 100%;\" class=\"slide-841 ms-image \" aria-roledescription=\"slide\" aria-label=\"slide-841\"><img loading=\"lazy\" decoding=\"async\" width=\"2560\" height=\"1441\" src=\"https:\/\/mta83.com\/wp-content\/uploads\/2024\/07\/Froid-marine-3-scaled.jpg\" class=\"slider-720 slide-841\" alt=\"\" rel=\"\" title=\"Froid marine 3\" style=\"margin: 0 auto; width: 76.13760285516%\" srcset=\"https:\/\/mta83.com\/wp-content\/uploads\/2024\/07\/Froid-marine-3-scaled.jpg 2560w, https:\/\/mta83.com\/wp-content\/uploads\/2024\/07\/Froid-marine-3-300x169.jpg 300w, https:\/\/mta83.com\/wp-content\/uploads\/2024\/07\/Froid-marine-3-1024x577.jpg 1024w, https:\/\/mta83.com\/wp-content\/uploads\/2024\/07\/Froid-marine-3-768x432.jpg 768w, https:\/\/mta83.com\/wp-content\/uploads\/2024\/07\/Froid-marine-3-1536x865.jpg 1536w, https:\/\/mta83.com\/wp-content\/uploads\/2024\/07\/Froid-marine-3-2048x1153.jpg 2048w, https:\/\/mta83.com\/wp-content\/uploads\/2024\/07\/Froid-marine-3-24x14.jpg 24w, https:\/\/mta83.com\/wp-content\/uploads\/2024\/07\/Froid-marine-3-36x20.jpg 36w, https:\/\/mta83.com\/wp-content\/uploads\/2024\/07\/Froid-marine-3-48x27.jpg 48w\" sizes=\"auto, (max-width: 2560px) 100vw, 2560px\" \/><\/li>\n                <li style=\"display: none; width: 100%;\" class=\"slide-833 ms-image \" aria-roledescription=\"slide\" aria-label=\"slide-833\"><img loading=\"lazy\" decoding=\"async\" width=\"600\" height=\"400\" src=\"https:\/\/mta83.com\/wp-content\/uploads\/2024\/07\/Froid-marine-5.jpg\" class=\"slider-720 slide-833\" alt=\"\" rel=\"\" title=\"Froid marine 5\" style=\"margin: 0 auto; width: 64.285714285714%\" srcset=\"https:\/\/mta83.com\/wp-content\/uploads\/2024\/07\/Froid-marine-5.jpg 600w, https:\/\/mta83.com\/wp-content\/uploads\/2024\/07\/Froid-marine-5-300x200.jpg 300w, https:\/\/mta83.com\/wp-content\/uploads\/2024\/07\/Froid-marine-5-24x16.jpg 24w, https:\/\/mta83.com\/wp-content\/uploads\/2024\/07\/Froid-marine-5-36x24.jpg 36w, https:\/\/mta83.com\/wp-content\/uploads\/2024\/07\/Froid-marine-5-48x32.jpg 48w\" sizes=\"auto, (max-width: 600px) 100vw, 600px\" \/><\/li>\n                <li style=\"display: none; width: 100%;\" class=\"slide-842 ms-image \" aria-roledescription=\"slide\" aria-label=\"slide-842\"><img loading=\"lazy\" decoding=\"async\" width=\"2048\" height=\"1536\" src=\"https:\/\/mta83.com\/wp-content\/uploads\/2024\/07\/Froid-marine-6.jpg\" class=\"slider-720 slide-842\" alt=\"\" rel=\"\" title=\"Froid marine 6\" style=\"margin: 0 auto; width: 57.142857142857%\" srcset=\"https:\/\/mta83.com\/wp-content\/uploads\/2024\/07\/Froid-marine-6.jpg 2048w, https:\/\/mta83.com\/wp-content\/uploads\/2024\/07\/Froid-marine-6-300x225.jpg 300w, https:\/\/mta83.com\/wp-content\/uploads\/2024\/07\/Froid-marine-6-1024x768.jpg 1024w, https:\/\/mta83.com\/wp-content\/uploads\/2024\/07\/Froid-marine-6-768x576.jpg 768w, https:\/\/mta83.com\/wp-content\/uploads\/2024\/07\/Froid-marine-6-1536x1152.jpg 1536w, https:\/\/mta83.com\/wp-content\/uploads\/2024\/07\/Froid-marine-6-24x18.jpg 24w, https:\/\/mta83.com\/wp-content\/uploads\/2024\/07\/Froid-marine-6-36x27.jpg 36w, https:\/\/mta83.com\/wp-content\/uploads\/2024\/07\/Froid-marine-6-48x36.jpg 48w\" sizes=\"auto, (max-width: 2048px) 100vw, 2048px\" \/><\/li>\n                <li style=\"display: none; width: 100%;\" class=\"slide-843 ms-image \" aria-roledescription=\"slide\" aria-label=\"slide-843\"><img loading=\"lazy\" decoding=\"async\" width=\"1491\" height=\"1027\" src=\"https:\/\/mta83.com\/wp-content\/uploads\/2024\/07\/Froid-marine-7.jpg\" class=\"slider-720 slide-843\" alt=\"\" rel=\"\" title=\"Froid marine 7\" style=\"margin: 0 auto; width: 62.22005842259%\" srcset=\"https:\/\/mta83.com\/wp-content\/uploads\/2024\/07\/Froid-marine-7.jpg 1491w, https:\/\/mta83.com\/wp-content\/uploads\/2024\/07\/Froid-marine-7-300x207.jpg 300w, https:\/\/mta83.com\/wp-content\/uploads\/2024\/07\/Froid-marine-7-1024x705.jpg 1024w, https:\/\/mta83.com\/wp-content\/uploads\/2024\/07\/Froid-marine-7-768x529.jpg 768w, https:\/\/mta83.com\/wp-content\/uploads\/2024\/07\/Froid-marine-7-24x17.jpg 24w, https:\/\/mta83.com\/wp-content\/uploads\/2024\/07\/Froid-marine-7-36x25.jpg 36w, https:\/\/mta83.com\/wp-content\/uploads\/2024\/07\/Froid-marine-7-48x33.jpg 48w\" sizes=\"auto, (max-width: 1491px) 100vw, 1491px\" \/><\/li>\n                <li style=\"display: none; width: 100%;\" class=\"slide-844 ms-image \" aria-roledescription=\"slide\" aria-label=\"slide-844\"><img loading=\"lazy\" decoding=\"async\" width=\"1600\" height=\"1067\" src=\"https:\/\/mta83.com\/wp-content\/uploads\/2024\/07\/Froid-marine-8.jpg\" class=\"slider-720 slide-844\" alt=\"\" rel=\"\" title=\"Froid marine 8\" style=\"margin: 0 auto; width: 64.265631275941%\" srcset=\"https:\/\/mta83.com\/wp-content\/uploads\/2024\/07\/Froid-marine-8.jpg 1600w, https:\/\/mta83.com\/wp-content\/uploads\/2024\/07\/Froid-marine-8-300x200.jpg 300w, https:\/\/mta83.com\/wp-content\/uploads\/2024\/07\/Froid-marine-8-1024x683.jpg 1024w, https:\/\/mta83.com\/wp-content\/uploads\/2024\/07\/Froid-marine-8-768x512.jpg 768w, https:\/\/mta83.com\/wp-content\/uploads\/2024\/07\/Froid-marine-8-1536x1024.jpg 1536w, https:\/\/mta83.com\/wp-content\/uploads\/2024\/07\/Froid-marine-8-24x16.jpg 24w, https:\/\/mta83.com\/wp-content\/uploads\/2024\/07\/Froid-marine-8-36x24.jpg 36w, https:\/\/mta83.com\/wp-content\/uploads\/2024\/07\/Froid-marine-8-48x32.jpg 48w\" sizes=\"auto, (max-width: 1600px) 100vw, 1600px\" \/><\/li>\n                <li style=\"display: none; width: 100%;\" class=\"slide-845 ms-image \" aria-roledescription=\"slide\" aria-label=\"slide-845\"><img loading=\"lazy\" decoding=\"async\" width=\"1000\" height=\"667\" src=\"https:\/\/mta83.com\/wp-content\/uploads\/2024\/07\/Froid-marine-9.jpg\" class=\"slider-720 slide-845\" alt=\"\" rel=\"\" title=\"Froid marine 9\" style=\"margin: 0 auto; width: 64.253587491968%\" srcset=\"https:\/\/mta83.com\/wp-content\/uploads\/2024\/07\/Froid-marine-9.jpg 1000w, https:\/\/mta83.com\/wp-content\/uploads\/2024\/07\/Froid-marine-9-300x200.jpg 300w, https:\/\/mta83.com\/wp-content\/uploads\/2024\/07\/Froid-marine-9-768x512.jpg 768w, https:\/\/mta83.com\/wp-content\/uploads\/2024\/07\/Froid-marine-9-24x16.jpg 24w, https:\/\/mta83.com\/wp-content\/uploads\/2024\/07\/Froid-marine-9-36x24.jpg 36w, https:\/\/mta83.com\/wp-content\/uploads\/2024\/07\/Froid-marine-9-48x32.jpg 48w\" sizes=\"auto, (max-width: 1000px) 100vw, 1000px\" \/><\/li>\n                <li style=\"display: none; width: 100%;\" class=\"slide-846 ms-image \" aria-roledescription=\"slide\" aria-label=\"slide-846\"><img loading=\"lazy\" decoding=\"async\" width=\"1315\" height=\"733\" src=\"https:\/\/mta83.com\/wp-content\/uploads\/2024\/07\/Froid-marine-1.jpg\" class=\"slider-720 slide-846\" alt=\"\" rel=\"\" title=\"Froid marine\" style=\"margin: 0 auto; width: 76.885597349445%\" srcset=\"https:\/\/mta83.com\/wp-content\/uploads\/2024\/07\/Froid-marine-1.jpg 1315w, https:\/\/mta83.com\/wp-content\/uploads\/2024\/07\/Froid-marine-1-300x167.jpg 300w, https:\/\/mta83.com\/wp-content\/uploads\/2024\/07\/Froid-marine-1-1024x571.jpg 1024w, https:\/\/mta83.com\/wp-content\/uploads\/2024\/07\/Froid-marine-1-768x428.jpg 768w, https:\/\/mta83.com\/wp-content\/uploads\/2024\/07\/Froid-marine-1-24x13.jpg 24w, https:\/\/mta83.com\/wp-content\/uploads\/2024\/07\/Froid-marine-1-36x20.jpg 36w, https:\/\/mta83.com\/wp-content\/uploads\/2024\/07\/Froid-marine-1-48x27.jpg 48w\" sizes=\"auto, (max-width: 1315px) 100vw, 1315px\" \/><\/li>\n                <li style=\"display: none; width: 100%;\" class=\"slide-847 ms-image \" aria-roledescription=\"slide\" aria-label=\"slide-847\"><img loading=\"lazy\" decoding=\"async\" width=\"600\" height=\"400\" src=\"https:\/\/mta83.com\/wp-content\/uploads\/2024\/07\/Froid-marine-5.jpg\" class=\"slider-720 slide-847\" alt=\"\" rel=\"\" title=\"Froid marine 5\" style=\"margin: 0 auto; width: 64.285714285714%\" srcset=\"https:\/\/mta83.com\/wp-content\/uploads\/2024\/07\/Froid-marine-5.jpg 600w, https:\/\/mta83.com\/wp-content\/uploads\/2024\/07\/Froid-marine-5-300x200.jpg 300w, https:\/\/mta83.com\/wp-content\/uploads\/2024\/07\/Froid-marine-5-24x16.jpg 24w, https:\/\/mta83.com\/wp-content\/uploads\/2024\/07\/Froid-marine-5-36x24.jpg 36w, https:\/\/mta83.com\/wp-content\/uploads\/2024\/07\/Froid-marine-5-48x32.jpg 48w\" sizes=\"auto, (max-width: 600px) 100vw, 600px\" \/><\/li>\n                <li style=\"display: none; width: 100%;\" class=\"slide-848 ms-image \" aria-roledescription=\"slide\" aria-label=\"slide-848\"><img loading=\"lazy\" decoding=\"async\" width=\"2560\" height=\"1920\" src=\"https:\/\/mta83.com\/wp-content\/uploads\/2024\/07\/Froid-marine-2-scaled.jpg\" class=\"slider-720 slide-848\" alt=\"\" rel=\"\" title=\"Froid marine 2\" style=\"margin: 0 auto; width: 57.142857142857%\" srcset=\"https:\/\/mta83.com\/wp-content\/uploads\/2024\/07\/Froid-marine-2-scaled.jpg 2560w, https:\/\/mta83.com\/wp-content\/uploads\/2024\/07\/Froid-marine-2-300x225.jpg 300w, https:\/\/mta83.com\/wp-content\/uploads\/2024\/07\/Froid-marine-2-1024x768.jpg 1024w, https:\/\/mta83.com\/wp-content\/uploads\/2024\/07\/Froid-marine-2-768x576.jpg 768w, https:\/\/mta83.com\/wp-content\/uploads\/2024\/07\/Froid-marine-2-1536x1152.jpg 1536w, https:\/\/mta83.com\/wp-content\/uploads\/2024\/07\/Froid-marine-2-2048x1536.jpg 2048w, https:\/\/mta83.com\/wp-content\/uploads\/2024\/07\/Froid-marine-2-24x18.jpg 24w, https:\/\/mta83.com\/wp-content\/uploads\/2024\/07\/Froid-marine-2-36x27.jpg 36w, https:\/\/mta83.com\/wp-content\/uploads\/2024\/07\/Froid-marine-2-48x36.jpg 48w\" sizes=\"auto, (max-width: 2560px) 100vw, 2560px\" \/><\/li>\n            <\/ul>\n        <\/div>\n        \n    <\/div>\n<\/div>\n\n\n\n<figure class=\"wp-block-pullquote\"><blockquote><p>Pour tout type de bateau : voiler, pneumatique, vedette, day-cruiser et yacht et plus&#8230;<\/p><\/blockquote><\/figure>\n\n\n\n<p>MTA peut intervenir rapidement sur vos bateaux, dans le port, sur l\u2019eau (au mouillage), pour vos syst\u00e8mes de climatisation (air conditionn\u00e9) mais \u00e9galement vos r\u00e9frig\u00e9rateurs, glaci\u00e8res, chambres froides, caves \u00e0 vin.<\/p>\n\n\n\n<p>Notre fournisseur \u00ab\u00a0Le Froid P\u00e9comark\u00a0\u00bb nous permet d\u2019obtenir rapidement un large choix de disponibilit\u00e9 de groupes froids.<\/p>\n\n\n\n<p>Que ce soit pour&nbsp;: Une recherche de fuite \/ un ventilateur \/ un compresseur \/ un \u00e9vaporateur \/ un condenseur air ou condenseur \u00e0 eau INOX, nous pouvons r\u00e9pondre favorablement \u00e0 votre souci, \u00e0 votre projet, \u00e0 toute intervention.<\/p>\n\n\n\n<div class=\"wp-block-buttons is-content-justification-right is-layout-flex wp-container-core-buttons-is-layout-d445cf74 wp-block-buttons-is-layout-flex\">\n<div class=\"wp-block-button\"><a class=\"wp-block-button__link wp-element-button\" href=\"https:\/\/mta83.com\/index.php\/contactez-nous\/\">Demander un devis<\/a><\/div>\n<\/div>\n\n\n\n<figure class=\"wp-block-image aligncenter size-medium is-resized\"><a href=\"https:\/\/www.google.com\/maps\/place\/MTA+Chauffage+-+Climatisation+-+Plomberie+%2F+Clim+-+PAC+-+chauffe+eau+thermodynamique+-+cumulus+-+Cave+%C3%A0+vin+-+Bateau+Yacht\/@43.2253812,6.135497,15z\/data=!4m18!1m9!3m8!1s0x12c93d3bc4df43ad:0x89409391f7e7d56c!2sMTA+Chauffage+-+Climatisation+-+Plomberie+%2F+Clim+-+PAC+-+chauffe+eau+thermodynamique+-+cumulus+-+Cave+%C3%A0+vin+-+Bateau+Yacht!8m2!3d43.2253812!4d6.135497!9m1!1b1!16s%2Fg%2F11fx8wvwl3!3m7!1s0x12c93d3bc4df43ad:0x89409391f7e7d56c!8m2!3d43.2253812!4d6.135497!9m1!1b1!16s%2Fg%2F11fx8wvwl3?entry=ttu\" target=\"_blank\" rel=\"noreferrer noopener\"><img loading=\"lazy\" decoding=\"async\" width=\"300\" height=\"158\" src=\"https:\/\/mta83.com\/wp-content\/uploads\/2024\/06\/google-avis-client-300x158.webp\" alt=\"\" class=\"wp-image-441\" style=\"width:250px\" srcset=\"https:\/\/mta83.com\/wp-content\/uploads\/2024\/06\/google-avis-client-300x158.webp 300w, https:\/\/mta83.com\/wp-content\/uploads\/2024\/06\/google-avis-client-768x404.webp 768w, https:\/\/mta83.com\/wp-content\/uploads\/2024\/06\/google-avis-client-24x13.webp 24w, https:\/\/mta83.com\/wp-content\/uploads\/2024\/06\/google-avis-client-36x19.webp 36w, https:\/\/mta83.com\/wp-content\/uploads\/2024\/06\/google-avis-client-48x25.webp 48w, https:\/\/mta83.com\/wp-content\/uploads\/2024\/06\/google-avis-client.webp 1024w\" sizes=\"auto, (max-width: 300px) 100vw, 300px\" \/><\/a><\/figure>\n","protected":false},"excerpt":{"rendered":"<p>installation \/ Entretien \/ D\u00e9pannage Pour tout type de bateau : voiler, pneumatique, vedette, day-cruiser et yacht et plus&#8230; MTA peut intervenir rapidement sur vos bateaux, dans le port, sur l\u2019eau (au mouillage), pour vos syst\u00e8mes de climatisation (air conditionn\u00e9) mais \u00e9galement vos r\u00e9frig\u00e9rateurs, glaci\u00e8res, chambres froides, caves \u00e0 vin. Notre fournisseur \u00ab\u00a0Le Froid P\u00e9comark\u00a0\u00bb [&hellip;]<\/p>\n","protected":false},"author":1,"featured_media":0,"parent":0,"menu_order":0,"comment_status":"closed","ping_status":"closed","template":"","meta":{"footnotes":""},"class_list":["post-129","page","type-page","status-publish","hentry"],"_links":{"self":[{"href":"https:\/\/mta83.com\/index.php\/wp-json\/wp\/v2\/pages\/129","targetHints":{"allow":["GET"]}}],"collection":[{"href":"https:\/\/mta83.com\/index.php\/wp-json\/wp\/v2\/pages"}],"about":[{"href":"https:\/\/mta83.com\/index.php\/wp-json\/wp\/v2\/types\/page"}],"author":[{"embeddable":true,"href":"https:\/\/mta83.com\/index.php\/wp-json\/wp\/v2\/users\/1"}],"replies":[{"embeddable":true,"href":"https:\/\/mta83.com\/index.php\/wp-json\/wp\/v2\/comments?post=129"}],"version-history":[{"count":12,"href":"https:\/\/mta83.com\/index.php\/wp-json\/wp\/v2\/pages\/129\/revisions"}],"predecessor-version":[{"id":992,"href":"https:\/\/mta83.com\/index.php\/wp-json\/wp\/v2\/pages\/129\/revisions\/992"}],"wp:attachment":[{"href":"https:\/\/mta83.com\/index.php\/wp-json\/wp\/v2\/media?parent=129"}],"curies":[{"name":"wp","href":"https:\/\/api.w.org\/{rel}","templated":true}]}}