{"id":130,"date":"2024-05-28T15:15:18","date_gmt":"2024-05-28T13:15:18","guid":{"rendered":"https:\/\/mta83.com\/?page_id=130"},"modified":"2024-08-03T15:20:32","modified_gmt":"2024-08-03T13:20:32","slug":"cave-a-vin","status":"publish","type":"page","link":"https:\/\/mta83.com\/index.php\/cave-a-vin\/","title":{"rendered":"Cave \u00e0 vin"},"content":{"rendered":"\n<p><strong>Vos plus belles cuv\u00e9es maintenues \u00e0 temp\u00e9rature et hygrom\u00e9trie<\/strong><\/p>\n\n\n\n<div class=\"alignnormal\"><div id=\"metaslider-id-619\" style=\"width: 100%;\" class=\"ml-slider-3-91-0 metaslider metaslider-flex metaslider-619 ml-slider ms-theme-default nav-hidden\" role=\"region\" aria-roledescription=\"Slideshow\" aria-label=\"Cave \u00e0 vin\">\n    <div id=\"metaslider_container_619\">\n        <div id=\"metaslider_619\">\n            <ul class='slides'>\n                <li style=\"display: block; width: 100%;\" class=\"slide-862 ms-image \" aria-roledescription=\"slide\" aria-label=\"slide-862\"><img loading=\"lazy\" decoding=\"async\" width=\"3840\" height=\"2160\" src=\"https:\/\/mta83.com\/wp-content\/uploads\/2024\/07\/Cave-a-vins.png\" class=\"slider-619 slide-862\" alt=\"\" rel=\"\" title=\"Cave \u00e0 vins\" style=\"margin: 0 auto; width: 76.190476190476%\" srcset=\"https:\/\/mta83.com\/wp-content\/uploads\/2024\/07\/Cave-a-vins.png 3840w, https:\/\/mta83.com\/wp-content\/uploads\/2024\/07\/Cave-a-vins-300x169.png 300w, https:\/\/mta83.com\/wp-content\/uploads\/2024\/07\/Cave-a-vins-1024x576.png 1024w, https:\/\/mta83.com\/wp-content\/uploads\/2024\/07\/Cave-a-vins-768x432.png 768w, https:\/\/mta83.com\/wp-content\/uploads\/2024\/07\/Cave-a-vins-1536x864.png 1536w, https:\/\/mta83.com\/wp-content\/uploads\/2024\/07\/Cave-a-vins-2048x1152.png 2048w, https:\/\/mta83.com\/wp-content\/uploads\/2024\/07\/Cave-a-vins-24x14.png 24w, https:\/\/mta83.com\/wp-content\/uploads\/2024\/07\/Cave-a-vins-36x20.png 36w, https:\/\/mta83.com\/wp-content\/uploads\/2024\/07\/Cave-a-vins-48x27.png 48w\" sizes=\"auto, (max-width: 3840px) 100vw, 3840px\" \/><\/li>\n                <li style=\"display: none; width: 100%;\" class=\"slide-858 ms-image \" aria-roledescription=\"slide\" aria-label=\"slide-858\"><img loading=\"lazy\" decoding=\"async\" width=\"3840\" height=\"2160\" src=\"https:\/\/mta83.com\/wp-content\/uploads\/2024\/07\/Cave-a-vin-4.png\" class=\"slider-619 slide-858\" alt=\"\" rel=\"\" title=\"Cave \u00e0 vin 4\" style=\"margin: 0 auto; width: 76.190476190476%\" srcset=\"https:\/\/mta83.com\/wp-content\/uploads\/2024\/07\/Cave-a-vin-4.png 3840w, https:\/\/mta83.com\/wp-content\/uploads\/2024\/07\/Cave-a-vin-4-300x169.png 300w, https:\/\/mta83.com\/wp-content\/uploads\/2024\/07\/Cave-a-vin-4-1024x576.png 1024w, https:\/\/mta83.com\/wp-content\/uploads\/2024\/07\/Cave-a-vin-4-768x432.png 768w, https:\/\/mta83.com\/wp-content\/uploads\/2024\/07\/Cave-a-vin-4-1536x864.png 1536w, https:\/\/mta83.com\/wp-content\/uploads\/2024\/07\/Cave-a-vin-4-2048x1152.png 2048w, https:\/\/mta83.com\/wp-content\/uploads\/2024\/07\/Cave-a-vin-4-24x14.png 24w, https:\/\/mta83.com\/wp-content\/uploads\/2024\/07\/Cave-a-vin-4-36x20.png 36w, https:\/\/mta83.com\/wp-content\/uploads\/2024\/07\/Cave-a-vin-4-48x27.png 48w\" sizes=\"auto, (max-width: 3840px) 100vw, 3840px\" \/><\/li>\n                <li style=\"display: none; width: 100%;\" class=\"slide-856 ms-image \" aria-roledescription=\"slide\" aria-label=\"slide-856\"><img loading=\"lazy\" decoding=\"async\" width=\"1080\" height=\"748\" src=\"https:\/\/mta83.com\/wp-content\/uploads\/2024\/07\/Cave-a-vin-2.png\" class=\"slider-619 slide-856\" alt=\"\" rel=\"\" title=\"Cave \u00e0 vin 2\" style=\"margin: 0 auto; width: 61.879297173415%\" srcset=\"https:\/\/mta83.com\/wp-content\/uploads\/2024\/07\/Cave-a-vin-2.png 1080w, https:\/\/mta83.com\/wp-content\/uploads\/2024\/07\/Cave-a-vin-2-300x208.png 300w, https:\/\/mta83.com\/wp-content\/uploads\/2024\/07\/Cave-a-vin-2-1024x709.png 1024w, https:\/\/mta83.com\/wp-content\/uploads\/2024\/07\/Cave-a-vin-2-768x532.png 768w, https:\/\/mta83.com\/wp-content\/uploads\/2024\/07\/Cave-a-vin-2-24x17.png 24w, https:\/\/mta83.com\/wp-content\/uploads\/2024\/07\/Cave-a-vin-2-36x25.png 36w, https:\/\/mta83.com\/wp-content\/uploads\/2024\/07\/Cave-a-vin-2-48x33.png 48w\" sizes=\"auto, (max-width: 1080px) 100vw, 1080px\" \/><\/li>\n                <li style=\"display: none; width: 100%;\" class=\"slide-857 ms-image \" aria-roledescription=\"slide\" aria-label=\"slide-857\"><img loading=\"lazy\" decoding=\"async\" width=\"4252\" height=\"2835\" src=\"https:\/\/mta83.com\/wp-content\/uploads\/2024\/07\/Cave-a-vin-3.png\" class=\"slider-619 slide-857\" alt=\"\" rel=\"\" title=\"Cave \u00e0 vin 3\" style=\"margin: 0 auto; width: 64.278155706727%\" srcset=\"https:\/\/mta83.com\/wp-content\/uploads\/2024\/07\/Cave-a-vin-3.png 4252w, https:\/\/mta83.com\/wp-content\/uploads\/2024\/07\/Cave-a-vin-3-300x200.png 300w, https:\/\/mta83.com\/wp-content\/uploads\/2024\/07\/Cave-a-vin-3-1024x683.png 1024w, https:\/\/mta83.com\/wp-content\/uploads\/2024\/07\/Cave-a-vin-3-768x512.png 768w, https:\/\/mta83.com\/wp-content\/uploads\/2024\/07\/Cave-a-vin-3-1536x1024.png 1536w, https:\/\/mta83.com\/wp-content\/uploads\/2024\/07\/Cave-a-vin-3-2048x1365.png 2048w, https:\/\/mta83.com\/wp-content\/uploads\/2024\/07\/Cave-a-vin-3-24x16.png 24w, https:\/\/mta83.com\/wp-content\/uploads\/2024\/07\/Cave-a-vin-3-36x24.png 36w, https:\/\/mta83.com\/wp-content\/uploads\/2024\/07\/Cave-a-vin-3-48x32.png 48w\" sizes=\"auto, (max-width: 4252px) 100vw, 4252px\" \/><\/li>\n                <li style=\"display: none; width: 100%;\" class=\"slide-860 ms-image \" aria-roledescription=\"slide\" aria-label=\"slide-860\"><img loading=\"lazy\" decoding=\"async\" width=\"3840\" height=\"2160\" src=\"https:\/\/mta83.com\/wp-content\/uploads\/2024\/07\/Cave-a-vin-6.png\" class=\"slider-619 slide-860\" alt=\"\" rel=\"\" title=\"Cave \u00e0 vin 6\" style=\"margin: 0 auto; width: 76.190476190476%\" srcset=\"https:\/\/mta83.com\/wp-content\/uploads\/2024\/07\/Cave-a-vin-6.png 3840w, https:\/\/mta83.com\/wp-content\/uploads\/2024\/07\/Cave-a-vin-6-300x169.png 300w, https:\/\/mta83.com\/wp-content\/uploads\/2024\/07\/Cave-a-vin-6-1024x576.png 1024w, https:\/\/mta83.com\/wp-content\/uploads\/2024\/07\/Cave-a-vin-6-768x432.png 768w, https:\/\/mta83.com\/wp-content\/uploads\/2024\/07\/Cave-a-vin-6-1536x864.png 1536w, https:\/\/mta83.com\/wp-content\/uploads\/2024\/07\/Cave-a-vin-6-2048x1152.png 2048w, https:\/\/mta83.com\/wp-content\/uploads\/2024\/07\/Cave-a-vin-6-24x14.png 24w, https:\/\/mta83.com\/wp-content\/uploads\/2024\/07\/Cave-a-vin-6-36x20.png 36w, https:\/\/mta83.com\/wp-content\/uploads\/2024\/07\/Cave-a-vin-6-48x27.png 48w\" sizes=\"auto, (max-width: 3840px) 100vw, 3840px\" \/><\/li>\n                <li style=\"display: none; width: 100%;\" class=\"slide-859 ms-image \" aria-roledescription=\"slide\" aria-label=\"slide-859\"><img loading=\"lazy\" decoding=\"async\" width=\"3840\" height=\"2160\" src=\"https:\/\/mta83.com\/wp-content\/uploads\/2024\/07\/Cave-a-vin-5.png\" class=\"slider-619 slide-859\" alt=\"\" rel=\"\" title=\"Cave \u00e0 vin 5\" style=\"margin: 0 auto; width: 76.190476190476%\" srcset=\"https:\/\/mta83.com\/wp-content\/uploads\/2024\/07\/Cave-a-vin-5.png 3840w, https:\/\/mta83.com\/wp-content\/uploads\/2024\/07\/Cave-a-vin-5-300x169.png 300w, https:\/\/mta83.com\/wp-content\/uploads\/2024\/07\/Cave-a-vin-5-1024x576.png 1024w, https:\/\/mta83.com\/wp-content\/uploads\/2024\/07\/Cave-a-vin-5-768x432.png 768w, https:\/\/mta83.com\/wp-content\/uploads\/2024\/07\/Cave-a-vin-5-1536x864.png 1536w, https:\/\/mta83.com\/wp-content\/uploads\/2024\/07\/Cave-a-vin-5-2048x1152.png 2048w, https:\/\/mta83.com\/wp-content\/uploads\/2024\/07\/Cave-a-vin-5-24x14.png 24w, https:\/\/mta83.com\/wp-content\/uploads\/2024\/07\/Cave-a-vin-5-36x20.png 36w, https:\/\/mta83.com\/wp-content\/uploads\/2024\/07\/Cave-a-vin-5-48x27.png 48w\" sizes=\"auto, (max-width: 3840px) 100vw, 3840px\" \/><\/li>\n                <li style=\"display: none; width: 100%;\" class=\"slide-861 ms-image \" aria-roledescription=\"slide\" aria-label=\"slide-861\"><img loading=\"lazy\" decoding=\"async\" width=\"1290\" height=\"868\" src=\"https:\/\/mta83.com\/wp-content\/uploads\/2024\/07\/Cave-a-vins-1.png\" class=\"slider-619 slide-861\" alt=\"\" rel=\"\" title=\"Cave \u00e0 vins 1\" style=\"margin: 0 auto; width: 63.693219223173%\" srcset=\"https:\/\/mta83.com\/wp-content\/uploads\/2024\/07\/Cave-a-vins-1.png 1290w, https:\/\/mta83.com\/wp-content\/uploads\/2024\/07\/Cave-a-vins-1-300x202.png 300w, https:\/\/mta83.com\/wp-content\/uploads\/2024\/07\/Cave-a-vins-1-1024x689.png 1024w, https:\/\/mta83.com\/wp-content\/uploads\/2024\/07\/Cave-a-vins-1-768x517.png 768w, https:\/\/mta83.com\/wp-content\/uploads\/2024\/07\/Cave-a-vins-1-24x16.png 24w, https:\/\/mta83.com\/wp-content\/uploads\/2024\/07\/Cave-a-vins-1-36x24.png 36w, https:\/\/mta83.com\/wp-content\/uploads\/2024\/07\/Cave-a-vins-1-48x32.png 48w\" sizes=\"auto, (max-width: 1290px) 100vw, 1290px\" \/><\/li>\n            <\/ul>\n        <\/div>\n        \n    <\/div>\n<\/div><\/div>\n\n\n\n<p>Nos moteurs sont tr\u00e8s performants\/silencieux et esth\u00e9tiques pour ne pas d\u00e9naturer vos caves \u00e0 vin. Les moteurs sont dimensionn\u00e9s en fonction de la surface, de l\u2019isolation, de la temp\u00e9rature souhait\u00e9e mais \u00e9galement avec une hygrom\u00e9trie contr\u00f4l\u00e9e.<\/p>\n\n\n\n<p>Produit haut de gamme pour des bouteilles prestigieuses, la cave \u00e0 vin gardera vos bouteilles, \u00e0 la temp\u00e9rature souhait\u00e9e, sans leur faire perdre le moindre ar\u00f4me.<\/p>\n\n\n\n<p>La cave \u00e0 vin est destin\u00e9e aussi bien au particulier qu\u2019au professionnel, pour un petit ou un grand volume.<\/p>\n\n\n\n<p>C\u2019est pourquoi MTA, avec la marque FRIAX et d\u2019autres, r\u00e9pondra avec efficacit\u00e9 et professionnalisme \u00e0 l\u2019\u00e9tude de puissances, \u00e0 l\u2019installation et \u00e0 la maintenance de v\u00e9ritables syst\u00e8mes de caves \u00e0 vin.<\/p>\n\n\n\n<div class=\"wp-block-buttons is-content-justification-right is-layout-flex wp-container-core-buttons-is-layout-d445cf74 wp-block-buttons-is-layout-flex\">\n<div class=\"wp-block-button\"><a class=\"wp-block-button__link wp-element-button\" href=\"https:\/\/mta83.com\/index.php\/contactez-nous\/\">Demander un devis<\/a><\/div>\n<\/div>\n\n\n\n<figure class=\"wp-block-pullquote\"><blockquote><p>Un produit haut de gamme pour des bouteilles prestigieuses, la cave \u00e0 vin gardera vos bouteilles \u00e0 temp\u00e9rature souhait\u00e9e sans faire perdre le moindre ar\u00f4me \u00e0 vos bouteilles<\/p><\/blockquote><\/figure>\n\n\n\n<figure class=\"wp-block-image aligncenter size-medium is-resized\"><a href=\"https:\/\/www.google.com\/maps\/place\/MTA+Chauffage+-+Climatisation+-+Plomberie+%2F+Clim+-+PAC+-+chauffe+eau+thermodynamique+-+cumulus+-+Cave+%C3%A0+vin+-+Bateau+Yacht\/@43.2253812,6.135497,15z\/data=!4m18!1m9!3m8!1s0x12c93d3bc4df43ad:0x89409391f7e7d56c!2sMTA+Chauffage+-+Climatisation+-+Plomberie+%2F+Clim+-+PAC+-+chauffe+eau+thermodynamique+-+cumulus+-+Cave+%C3%A0+vin+-+Bateau+Yacht!8m2!3d43.2253812!4d6.135497!9m1!1b1!16s%2Fg%2F11fx8wvwl3!3m7!1s0x12c93d3bc4df43ad:0x89409391f7e7d56c!8m2!3d43.2253812!4d6.135497!9m1!1b1!16s%2Fg%2F11fx8wvwl3?entry=ttu\" target=\"_blank\" rel=\"noreferrer noopener\"><img loading=\"lazy\" decoding=\"async\" width=\"300\" height=\"158\" src=\"https:\/\/mta83.com\/wp-content\/uploads\/2024\/06\/google-avis-client-300x158.webp\" alt=\"\" class=\"wp-image-441\" style=\"width:250px\" srcset=\"https:\/\/mta83.com\/wp-content\/uploads\/2024\/06\/google-avis-client-300x158.webp 300w, https:\/\/mta83.com\/wp-content\/uploads\/2024\/06\/google-avis-client-768x404.webp 768w, https:\/\/mta83.com\/wp-content\/uploads\/2024\/06\/google-avis-client-24x13.webp 24w, https:\/\/mta83.com\/wp-content\/uploads\/2024\/06\/google-avis-client-36x19.webp 36w, https:\/\/mta83.com\/wp-content\/uploads\/2024\/06\/google-avis-client-48x25.webp 48w, https:\/\/mta83.com\/wp-content\/uploads\/2024\/06\/google-avis-client.webp 1024w\" sizes=\"auto, (max-width: 300px) 100vw, 300px\" \/><\/a><\/figure>\n","protected":false},"excerpt":{"rendered":"<p>Vos plus belles cuv\u00e9es maintenues \u00e0 temp\u00e9rature et hygrom\u00e9trie Nos moteurs sont tr\u00e8s performants\/silencieux et esth\u00e9tiques pour ne pas d\u00e9naturer vos caves \u00e0 vin. Les moteurs sont dimensionn\u00e9s en fonction de la surface, de l\u2019isolation, de la temp\u00e9rature souhait\u00e9e mais \u00e9galement avec une hygrom\u00e9trie contr\u00f4l\u00e9e. Produit haut de gamme pour des bouteilles prestigieuses, la cave [&hellip;]<\/p>\n","protected":false},"author":1,"featured_media":0,"parent":0,"menu_order":0,"comment_status":"closed","ping_status":"closed","template":"","meta":{"footnotes":""},"class_list":["post-130","page","type-page","status-publish","hentry"],"_links":{"self":[{"href":"https:\/\/mta83.com\/index.php\/wp-json\/wp\/v2\/pages\/130","targetHints":{"allow":["GET"]}}],"collection":[{"href":"https:\/\/mta83.com\/index.php\/wp-json\/wp\/v2\/pages"}],"about":[{"href":"https:\/\/mta83.com\/index.php\/wp-json\/wp\/v2\/types\/page"}],"author":[{"embeddable":true,"href":"https:\/\/mta83.com\/index.php\/wp-json\/wp\/v2\/users\/1"}],"replies":[{"embeddable":true,"href":"https:\/\/mta83.com\/index.php\/wp-json\/wp\/v2\/comments?post=130"}],"version-history":[{"count":17,"href":"https:\/\/mta83.com\/index.php\/wp-json\/wp\/v2\/pages\/130\/revisions"}],"predecessor-version":[{"id":994,"href":"https:\/\/mta83.com\/index.php\/wp-json\/wp\/v2\/pages\/130\/revisions\/994"}],"wp:attachment":[{"href":"https:\/\/mta83.com\/index.php\/wp-json\/wp\/v2\/media?parent=130"}],"curies":[{"name":"wp","href":"https:\/\/api.w.org\/{rel}","templated":true}]}}