{"id":132,"date":"2024-05-28T15:12:21","date_gmt":"2024-05-28T13:12:21","guid":{"rendered":"https:\/\/mta83.com\/?page_id=132"},"modified":"2024-08-03T15:16:49","modified_gmt":"2024-08-03T13:16:49","slug":"salle-de-bain-divers","status":"publish","type":"page","link":"https:\/\/mta83.com\/index.php\/salle-de-bain-divers\/","title":{"rendered":"Salle de bains &#8211; Divers"},"content":{"rendered":"\n<p>Sollicitez-nous pour refaire votre salle de bains\u00a0!<\/p>\n\n\n<div id=\"metaslider-id-709\" style=\"width: 100%;\" class=\"ml-slider-3-91-0 metaslider metaslider-flex metaslider-709 ml-slider ms-theme-default nav-hidden\" role=\"region\" aria-roledescription=\"Slideshow\" aria-label=\"Salle de bain\">\n    <div id=\"metaslider_container_709\">\n        <div id=\"metaslider_709\">\n            <ul class='slides'>\n                <li style=\"display: block; width: 100%;\" class=\"slide-923 ms-image \" aria-roledescription=\"slide\" aria-label=\"slide-923\"><img loading=\"lazy\" decoding=\"async\" width=\"3840\" height=\"2160\" src=\"https:\/\/mta83.com\/wp-content\/uploads\/2024\/07\/Salle-de-bain-1.png\" class=\"slider-709 slide-923\" alt=\"\" rel=\"\" title=\"Salle de bain 1\" style=\"margin: 0 auto; width: 76.190476190476%\" srcset=\"https:\/\/mta83.com\/wp-content\/uploads\/2024\/07\/Salle-de-bain-1.png 3840w, https:\/\/mta83.com\/wp-content\/uploads\/2024\/07\/Salle-de-bain-1-300x169.png 300w, https:\/\/mta83.com\/wp-content\/uploads\/2024\/07\/Salle-de-bain-1-1024x576.png 1024w, https:\/\/mta83.com\/wp-content\/uploads\/2024\/07\/Salle-de-bain-1-768x432.png 768w, https:\/\/mta83.com\/wp-content\/uploads\/2024\/07\/Salle-de-bain-1-1536x864.png 1536w, https:\/\/mta83.com\/wp-content\/uploads\/2024\/07\/Salle-de-bain-1-2048x1152.png 2048w, https:\/\/mta83.com\/wp-content\/uploads\/2024\/07\/Salle-de-bain-1-24x14.png 24w, https:\/\/mta83.com\/wp-content\/uploads\/2024\/07\/Salle-de-bain-1-36x20.png 36w, https:\/\/mta83.com\/wp-content\/uploads\/2024\/07\/Salle-de-bain-1-48x27.png 48w\" sizes=\"auto, (max-width: 3840px) 100vw, 3840px\" \/><\/li>\n                <li style=\"display: none; width: 100%;\" class=\"slide-714 ms-image \" aria-roledescription=\"slide\" aria-label=\"slide-714\"><img loading=\"lazy\" decoding=\"async\" width=\"768\" height=\"486\" src=\"https:\/\/mta83.com\/wp-content\/uploads\/2024\/07\/sdb.jpg\" class=\"slider-709 slide-714\" alt=\"\" rel=\"\" title=\"sdb\" style=\"margin: 0 auto; width: 67.724867724868%\" srcset=\"https:\/\/mta83.com\/wp-content\/uploads\/2024\/07\/sdb.jpg 768w, https:\/\/mta83.com\/wp-content\/uploads\/2024\/07\/sdb-300x190.jpg 300w, https:\/\/mta83.com\/wp-content\/uploads\/2024\/07\/sdb-24x15.jpg 24w, https:\/\/mta83.com\/wp-content\/uploads\/2024\/07\/sdb-36x23.jpg 36w, https:\/\/mta83.com\/wp-content\/uploads\/2024\/07\/sdb-48x30.jpg 48w\" sizes=\"auto, (max-width: 768px) 100vw, 768px\" \/><\/li>\n                <li style=\"display: none; width: 100%;\" class=\"slide-716 ms-image \" aria-roledescription=\"slide\" aria-label=\"slide-716\"><img loading=\"lazy\" decoding=\"async\" width=\"1091\" height=\"614\" src=\"https:\/\/mta83.com\/wp-content\/uploads\/2024\/07\/sdb3.png\" class=\"slider-709 slide-716\" alt=\"\" rel=\"\" title=\"sdb3\" style=\"margin: 0 auto; width: 76.151698464402%\" srcset=\"https:\/\/mta83.com\/wp-content\/uploads\/2024\/07\/sdb3.png 1091w, https:\/\/mta83.com\/wp-content\/uploads\/2024\/07\/sdb3-300x169.png 300w, https:\/\/mta83.com\/wp-content\/uploads\/2024\/07\/sdb3-1024x576.png 1024w, https:\/\/mta83.com\/wp-content\/uploads\/2024\/07\/sdb3-768x432.png 768w, https:\/\/mta83.com\/wp-content\/uploads\/2024\/07\/sdb3-24x14.png 24w, https:\/\/mta83.com\/wp-content\/uploads\/2024\/07\/sdb3-36x20.png 36w, https:\/\/mta83.com\/wp-content\/uploads\/2024\/07\/sdb3-48x27.png 48w\" sizes=\"auto, (max-width: 1091px) 100vw, 1091px\" \/><\/li>\n                <li style=\"display: none; width: 100%;\" class=\"slide-925 ms-image \" aria-roledescription=\"slide\" aria-label=\"slide-925\"><img loading=\"lazy\" decoding=\"async\" width=\"3840\" height=\"2160\" src=\"https:\/\/mta83.com\/wp-content\/uploads\/2024\/07\/Salle-de-bain-3.png\" class=\"slider-709 slide-925\" alt=\"\" rel=\"\" title=\"Salle de bain 3\" style=\"margin: 0 auto; width: 76.190476190476%\" srcset=\"https:\/\/mta83.com\/wp-content\/uploads\/2024\/07\/Salle-de-bain-3.png 3840w, https:\/\/mta83.com\/wp-content\/uploads\/2024\/07\/Salle-de-bain-3-300x169.png 300w, https:\/\/mta83.com\/wp-content\/uploads\/2024\/07\/Salle-de-bain-3-1024x576.png 1024w, https:\/\/mta83.com\/wp-content\/uploads\/2024\/07\/Salle-de-bain-3-768x432.png 768w, https:\/\/mta83.com\/wp-content\/uploads\/2024\/07\/Salle-de-bain-3-1536x864.png 1536w, https:\/\/mta83.com\/wp-content\/uploads\/2024\/07\/Salle-de-bain-3-2048x1152.png 2048w, https:\/\/mta83.com\/wp-content\/uploads\/2024\/07\/Salle-de-bain-3-24x14.png 24w, https:\/\/mta83.com\/wp-content\/uploads\/2024\/07\/Salle-de-bain-3-36x20.png 36w, https:\/\/mta83.com\/wp-content\/uploads\/2024\/07\/Salle-de-bain-3-48x27.png 48w\" sizes=\"auto, (max-width: 3840px) 100vw, 3840px\" \/><\/li>\n            <\/ul>\n        <\/div>\n        \n    <\/div>\n<\/div>\n\n\n\n<p>Parce que MTA est une soci\u00e9t\u00e9 pragmatique et professionnelle et parce qu\u2019elle cherche \u00e0 obtenir votre enti\u00e8re satisfaction, elle vous apportera le meilleur pour r\u00e9aliser votre projet de A \u00e0 Z.<\/p>\n\n\n\n<p>Pr\u00e9sentez-nous votre projet, vos id\u00e9es, vos envies et nous le ferons devenir r\u00e9alit\u00e9. Nos conseils et nos explications vous accompagnerons tout au long de l\u2019\u00e9volution (de la progression), \u00e0 savoir&nbsp;: D\u00e9molition avec \u00e9vacuation, reprise de nivelage des sols, \u00e9vacuation(s) d\u2019eau, alimentation d\u2019eau (cuivre ou multi-couches, PER), structure m\u00e9tallique pour une pose de feuille de pl\u00e2tre, isolation p\u00e9riph\u00e9rique\/plafond, r\u00e9seau \u00e9lectrique (prises\/lumi\u00e8res\/VMC\/etc), fa\u00eeence \/carrelage\/fresque et mosa\u00efque, peintures et montage de vos meubles.<\/p>\n\n\n\n<p>Un projet cl\u00e9 en main, de A \u00e0 Z avec une seule soci\u00e9t\u00e9 et de vrais professionnels.<\/p>\n\n\n\n<div class=\"wp-block-buttons is-content-justification-right is-layout-flex wp-container-core-buttons-is-layout-d445cf74 wp-block-buttons-is-layout-flex\">\n<div class=\"wp-block-button\"><a class=\"wp-block-button__link wp-element-button\" href=\"https:\/\/mta83.com\/index.php\/contactez-nous\/\">Demander un devis<\/a><\/div>\n<\/div>\n\n\n\n<figure class=\"wp-block-image aligncenter size-medium is-resized\"><a href=\"https:\/\/www.google.com\/maps\/place\/MTA+Chauffage+-+Climatisation+-+Plomberie+%2F+Clim+-+PAC+-+chauffe+eau+thermodynamique+-+cumulus+-+Cave+%C3%A0+vin+-+Bateau+Yacht\/@43.2253812,6.135497,15z\/data=!4m18!1m9!3m8!1s0x12c93d3bc4df43ad:0x89409391f7e7d56c!2sMTA+Chauffage+-+Climatisation+-+Plomberie+%2F+Clim+-+PAC+-+chauffe+eau+thermodynamique+-+cumulus+-+Cave+%C3%A0+vin+-+Bateau+Yacht!8m2!3d43.2253812!4d6.135497!9m1!1b1!16s%2Fg%2F11fx8wvwl3!3m7!1s0x12c93d3bc4df43ad:0x89409391f7e7d56c!8m2!3d43.2253812!4d6.135497!9m1!1b1!16s%2Fg%2F11fx8wvwl3?entry=ttu\" target=\"_blank\" rel=\"noreferrer noopener\"><img loading=\"lazy\" decoding=\"async\" width=\"300\" height=\"158\" src=\"https:\/\/mta83.com\/wp-content\/uploads\/2024\/06\/google-avis-client-300x158.webp\" alt=\"\" class=\"wp-image-441\" style=\"width:250px\" srcset=\"https:\/\/mta83.com\/wp-content\/uploads\/2024\/06\/google-avis-client-300x158.webp 300w, https:\/\/mta83.com\/wp-content\/uploads\/2024\/06\/google-avis-client-768x404.webp 768w, https:\/\/mta83.com\/wp-content\/uploads\/2024\/06\/google-avis-client-24x13.webp 24w, https:\/\/mta83.com\/wp-content\/uploads\/2024\/06\/google-avis-client-36x19.webp 36w, https:\/\/mta83.com\/wp-content\/uploads\/2024\/06\/google-avis-client-48x25.webp 48w, https:\/\/mta83.com\/wp-content\/uploads\/2024\/06\/google-avis-client.webp 1024w\" sizes=\"auto, (max-width: 300px) 100vw, 300px\" \/><\/a><\/figure>\n","protected":false},"excerpt":{"rendered":"<p>Sollicitez-nous pour refaire votre salle de bains\u00a0! Parce que MTA est une soci\u00e9t\u00e9 pragmatique et professionnelle et parce qu\u2019elle cherche \u00e0 obtenir votre enti\u00e8re satisfaction, elle vous apportera le meilleur pour r\u00e9aliser votre projet de A \u00e0 Z. Pr\u00e9sentez-nous votre projet, vos id\u00e9es, vos envies et nous le ferons devenir r\u00e9alit\u00e9. Nos conseils et nos [&hellip;]<\/p>\n","protected":false},"author":1,"featured_media":0,"parent":0,"menu_order":0,"comment_status":"closed","ping_status":"closed","template":"","meta":{"footnotes":""},"class_list":["post-132","page","type-page","status-publish","hentry"],"_links":{"self":[{"href":"https:\/\/mta83.com\/index.php\/wp-json\/wp\/v2\/pages\/132","targetHints":{"allow":["GET"]}}],"collection":[{"href":"https:\/\/mta83.com\/index.php\/wp-json\/wp\/v2\/pages"}],"about":[{"href":"https:\/\/mta83.com\/index.php\/wp-json\/wp\/v2\/types\/page"}],"author":[{"embeddable":true,"href":"https:\/\/mta83.com\/index.php\/wp-json\/wp\/v2\/users\/1"}],"replies":[{"embeddable":true,"href":"https:\/\/mta83.com\/index.php\/wp-json\/wp\/v2\/comments?post=132"}],"version-history":[{"count":8,"href":"https:\/\/mta83.com\/index.php\/wp-json\/wp\/v2\/pages\/132\/revisions"}],"predecessor-version":[{"id":989,"href":"https:\/\/mta83.com\/index.php\/wp-json\/wp\/v2\/pages\/132\/revisions\/989"}],"wp:attachment":[{"href":"https:\/\/mta83.com\/index.php\/wp-json\/wp\/v2\/media?parent=132"}],"curies":[{"name":"wp","href":"https:\/\/api.w.org\/{rel}","templated":true}]}}