{"id":195,"date":"2024-05-27T16:11:11","date_gmt":"2024-05-27T14:11:11","guid":{"rendered":"https:\/\/mta83.com\/?page_id=195"},"modified":"2024-05-27T16:11:11","modified_gmt":"2024-05-27T14:11:11","slug":"mentions-legales","status":"publish","type":"page","link":"https:\/\/mta83.com\/index.php\/mentions-legales\/","title":{"rendered":"Mentions L\u00e9gales"},"content":{"rendered":"\n<h3 class=\"wp-block-heading\">Mentions l\u00e9gales<\/h3>\n\n\n\n<p><strong>Informations l\u00e9gales<\/strong><\/p>\n\n\n\n<p>Le pr\u00e9sent site, accessible \u00e0 l\u2019adresse <a href=\"http:\/\/www.mta83.com\">www.mta83.com<\/a>, est \u00e9dit\u00e9 par :<\/p>\n\n\n\n<p><strong>Maintenance Technique Azur<\/strong><\/p>\n\n\n\n<p><strong>Responsable de la publication :<\/strong><br>M. Damien VERMET<br>Adresse : 4 avenue des Anciens Combattants d&#8217;AFN, 83390 Pierrefeu-du-Var<br>T\u00e9l\u00e9phone : 06 79 31 19 96<br>Email : mtazur83@gmail.com<\/p>\n\n\n\n<p><strong>H\u00e9bergement :<\/strong><\/p>\n\n\n\n<p>Le site est h\u00e9berg\u00e9 par :<br><strong>OVH<\/strong><br>Adresse : 2 rue Kellermann, 59100 Roubaix, France<br>T\u00e9l\u00e9phone : +33 9 72 10 10 07<\/p>\n\n\n\n<p><strong>Propri\u00e9t\u00e9 intellectuelle :<\/strong><\/p>\n\n\n\n<p>L\u2019ensemble des \u00e9l\u00e9ments pr\u00e9sents sur ce site, y compris les textes, images, graphismes, logos, ic\u00f4nes, et autres contenus, sont la propri\u00e9t\u00e9 exclusive de Maintenance Technique Azur ou de ses partenaires. Toute reproduction, distribution, modification, adaptation, retransmission ou publication de ces diff\u00e9rents \u00e9l\u00e9ments est strictement interdite sans l\u2019accord \u00e9crit de Maintenance Technique Azur.<\/p>\n\n\n\n<p><strong>Donn\u00e9es personnelles :<\/strong><\/p>\n\n\n\n<p>Les seules donn\u00e9es personnelles collect\u00e9es sur ce site sont le nom et l\u2019adresse email fournis par les utilisateurs via le formulaire de contact. Ces donn\u00e9es sont n\u00e9cessaires pour r\u00e9pondre aux demandes des utilisateurs et sont trait\u00e9es de mani\u00e8re confidentielle par M. Damien VERMET, responsable du traitement des donn\u00e9es.<\/p>\n\n\n\n<p>Conform\u00e9ment \u00e0 la loi n\u00b078-17 du 6 janvier 1978 relative \u00e0 l\u2019informatique, aux fichiers et aux libert\u00e9s, les utilisateurs disposent d\u2019un droit d\u2019acc\u00e8s, de rectification et de suppression des donn\u00e9es les concernant. Pour exercer ce droit, il suffit d\u2019envoyer une demande par email \u00e0 [Votre adresse email professionnelle].<\/p>\n\n\n\n<p><strong>Cookies :<\/strong><\/p>\n\n\n\n<p>Le site <a href=\"http:\/\/www.mta83.com\">www.mta83.com<\/a> utilise des cookies pour am\u00e9liorer l\u2019exp\u00e9rience de navigation des utilisateurs et pour des fins de statistiques de visites. Les utilisateurs peuvent configurer leur navigateur pour refuser les cookies.<\/p>\n\n\n\n<p><strong>Responsabilit\u00e9 :<\/strong><\/p>\n\n\n\n<p>MTA83 s\u2019efforce de fournir des informations exactes et mises \u00e0 jour sur son site. Toutefois, MTA83 ne saurait \u00eatre tenu responsable des erreurs ou omissions, ainsi que des \u00e9ventuelles interruptions ou indisponibilit\u00e9s du service. Les informations fournies sur ce site sont \u00e0 titre indicatif et ne sauraient constituer un conseil de quelque nature que ce soit.<\/p>\n\n\n\n<p><strong>Liens hypertextes :<\/strong><\/p>\n\n\n\n<p>Le site <a href=\"http:\/\/www.mta83.com\">www.mta83.com<\/a> peut contenir des liens hypertextes vers d\u2019autres sites. MTA83 ne peut en aucun cas \u00eatre tenu responsable du contenu de ces sites.<\/p>\n\n\n\n<p><strong>Loi applicable :<\/strong><\/p>\n\n\n\n<p>Les pr\u00e9sentes mentions l\u00e9gales sont r\u00e9gies par le droit fran\u00e7ais. En cas de litige, et apr\u00e8s tentative de recherche d\u2019une solution amiable, les tribunaux fran\u00e7ais seront seuls comp\u00e9tents pour conna\u00eetre de ce litige.<\/p>\n","protected":false},"excerpt":{"rendered":"<p>Mentions l\u00e9gales Informations l\u00e9gales Le pr\u00e9sent site, accessible \u00e0 l\u2019adresse www.mta83.com, est \u00e9dit\u00e9 par : Maintenance Technique Azur Responsable de la publication :M. Damien VERMETAdresse : 4 avenue des Anciens Combattants d&#8217;AFN, 83390 Pierrefeu-du-VarT\u00e9l\u00e9phone : 06 79 31 19 96Email : mtazur83@gmail.com H\u00e9bergement : Le site est h\u00e9berg\u00e9 par :OVHAdresse : 2 rue Kellermann, 59100 [&hellip;]<\/p>\n","protected":false},"author":1,"featured_media":0,"parent":0,"menu_order":0,"comment_status":"closed","ping_status":"closed","template":"","meta":{"footnotes":""},"class_list":["post-195","page","type-page","status-publish","hentry"],"_links":{"self":[{"href":"https:\/\/mta83.com\/index.php\/wp-json\/wp\/v2\/pages\/195","targetHints":{"allow":["GET"]}}],"collection":[{"href":"https:\/\/mta83.com\/index.php\/wp-json\/wp\/v2\/pages"}],"about":[{"href":"https:\/\/mta83.com\/index.php\/wp-json\/wp\/v2\/types\/page"}],"author":[{"embeddable":true,"href":"https:\/\/mta83.com\/index.php\/wp-json\/wp\/v2\/users\/1"}],"replies":[{"embeddable":true,"href":"https:\/\/mta83.com\/index.php\/wp-json\/wp\/v2\/comments?post=195"}],"version-history":[{"count":1,"href":"https:\/\/mta83.com\/index.php\/wp-json\/wp\/v2\/pages\/195\/revisions"}],"predecessor-version":[{"id":197,"href":"https:\/\/mta83.com\/index.php\/wp-json\/wp\/v2\/pages\/195\/revisions\/197"}],"wp:attachment":[{"href":"https:\/\/mta83.com\/index.php\/wp-json\/wp\/v2\/media?parent=195"}],"curies":[{"name":"wp","href":"https:\/\/api.w.org\/{rel}","templated":true}]}}