{"id":230,"date":"2024-05-28T15:03:34","date_gmt":"2024-05-28T13:03:34","guid":{"rendered":"https:\/\/mta83.com\/?page_id=230"},"modified":"2024-08-03T15:08:06","modified_gmt":"2024-08-03T13:08:06","slug":"plancher-chauffant-rafraichissant","status":"publish","type":"page","link":"https:\/\/mta83.com\/index.php\/plancher-chauffant-rafraichissant\/","title":{"rendered":"Plancher chauffant \/ Rafraichissant"},"content":{"rendered":"\n<p>PlUNE SYSTEME TRES PERFORMANT EN CHAUFFAGE ET EN&nbsp;RAFRAICHISSEMENT PAR LE SOL<\/p>\n\n\n<div id=\"metaslider-id-671\" style=\"width: 100%;\" class=\"ml-slider-3-91-0 metaslider metaslider-flex metaslider-671 ml-slider ms-theme-default nav-hidden\" role=\"region\" aria-roledescription=\"Slideshow\" aria-label=\"Plancher\">\n    <div id=\"metaslider_container_671\">\n        <div id=\"metaslider_671\">\n            <ul class='slides'>\n                <li style=\"display: block; width: 100%;\" class=\"slide-909 ms-image \" aria-roledescription=\"slide\" aria-label=\"slide-909\"><img loading=\"lazy\" decoding=\"async\" width=\"3840\" height=\"2160\" src=\"https:\/\/mta83.com\/wp-content\/uploads\/2024\/07\/Plancher-chauffant-2.png\" class=\"slider-671 slide-909\" alt=\"\" rel=\"\" title=\"Plancher chauffant 2\" style=\"margin: 0 auto; width: 76.190476190476%\" srcset=\"https:\/\/mta83.com\/wp-content\/uploads\/2024\/07\/Plancher-chauffant-2.png 3840w, https:\/\/mta83.com\/wp-content\/uploads\/2024\/07\/Plancher-chauffant-2-300x169.png 300w, https:\/\/mta83.com\/wp-content\/uploads\/2024\/07\/Plancher-chauffant-2-1024x576.png 1024w, https:\/\/mta83.com\/wp-content\/uploads\/2024\/07\/Plancher-chauffant-2-768x432.png 768w, https:\/\/mta83.com\/wp-content\/uploads\/2024\/07\/Plancher-chauffant-2-1536x864.png 1536w, https:\/\/mta83.com\/wp-content\/uploads\/2024\/07\/Plancher-chauffant-2-2048x1152.png 2048w, https:\/\/mta83.com\/wp-content\/uploads\/2024\/07\/Plancher-chauffant-2-24x14.png 24w, https:\/\/mta83.com\/wp-content\/uploads\/2024\/07\/Plancher-chauffant-2-36x20.png 36w, https:\/\/mta83.com\/wp-content\/uploads\/2024\/07\/Plancher-chauffant-2-48x27.png 48w\" sizes=\"auto, (max-width: 3840px) 100vw, 3840px\" \/><\/li>\n                <li style=\"display: none; width: 100%;\" class=\"slide-906 ms-image \" aria-roledescription=\"slide\" aria-label=\"slide-906\"><img loading=\"lazy\" decoding=\"async\" width=\"2560\" height=\"1440\" src=\"https:\/\/mta83.com\/wp-content\/uploads\/2024\/07\/Plancher-chauffant-4-scaled.jpg\" class=\"slider-671 slide-906\" alt=\"\" rel=\"\" title=\"Plancher chauffant 4\" style=\"margin: 0 auto; width: 76.190476190476%\" srcset=\"https:\/\/mta83.com\/wp-content\/uploads\/2024\/07\/Plancher-chauffant-4-scaled.jpg 2560w, https:\/\/mta83.com\/wp-content\/uploads\/2024\/07\/Plancher-chauffant-4-300x169.jpg 300w, https:\/\/mta83.com\/wp-content\/uploads\/2024\/07\/Plancher-chauffant-4-1024x576.jpg 1024w, https:\/\/mta83.com\/wp-content\/uploads\/2024\/07\/Plancher-chauffant-4-768x432.jpg 768w, https:\/\/mta83.com\/wp-content\/uploads\/2024\/07\/Plancher-chauffant-4-1536x864.jpg 1536w, https:\/\/mta83.com\/wp-content\/uploads\/2024\/07\/Plancher-chauffant-4-2048x1152.jpg 2048w, https:\/\/mta83.com\/wp-content\/uploads\/2024\/07\/Plancher-chauffant-4-24x14.jpg 24w, https:\/\/mta83.com\/wp-content\/uploads\/2024\/07\/Plancher-chauffant-4-36x20.jpg 36w, https:\/\/mta83.com\/wp-content\/uploads\/2024\/07\/Plancher-chauffant-4-48x27.jpg 48w\" sizes=\"auto, (max-width: 2560px) 100vw, 2560px\" \/><\/li>\n                <li style=\"display: none; width: 100%;\" class=\"slide-908 ms-image \" aria-roledescription=\"slide\" aria-label=\"slide-908\"><img loading=\"lazy\" decoding=\"async\" width=\"3840\" height=\"2160\" src=\"https:\/\/mta83.com\/wp-content\/uploads\/2024\/07\/Plancher-chauffant-3.png\" class=\"slider-671 slide-908\" alt=\"\" rel=\"\" title=\"Plancher chauffant 3\" style=\"margin: 0 auto; width: 76.190476190476%\" srcset=\"https:\/\/mta83.com\/wp-content\/uploads\/2024\/07\/Plancher-chauffant-3.png 3840w, https:\/\/mta83.com\/wp-content\/uploads\/2024\/07\/Plancher-chauffant-3-300x169.png 300w, https:\/\/mta83.com\/wp-content\/uploads\/2024\/07\/Plancher-chauffant-3-1024x576.png 1024w, https:\/\/mta83.com\/wp-content\/uploads\/2024\/07\/Plancher-chauffant-3-768x432.png 768w, https:\/\/mta83.com\/wp-content\/uploads\/2024\/07\/Plancher-chauffant-3-1536x864.png 1536w, https:\/\/mta83.com\/wp-content\/uploads\/2024\/07\/Plancher-chauffant-3-2048x1152.png 2048w, https:\/\/mta83.com\/wp-content\/uploads\/2024\/07\/Plancher-chauffant-3-24x14.png 24w, https:\/\/mta83.com\/wp-content\/uploads\/2024\/07\/Plancher-chauffant-3-36x20.png 36w, https:\/\/mta83.com\/wp-content\/uploads\/2024\/07\/Plancher-chauffant-3-48x27.png 48w\" sizes=\"auto, (max-width: 3840px) 100vw, 3840px\" \/><\/li>\n                <li style=\"display: none; width: 100%;\" class=\"slide-905 ms-image \" aria-roledescription=\"slide\" aria-label=\"slide-905\"><img loading=\"lazy\" decoding=\"async\" width=\"811\" height=\"386\" src=\"https:\/\/mta83.com\/wp-content\/uploads\/2024\/07\/Plancher-chauffant-1.png\" class=\"slider-671 slide-905\" alt=\"\" rel=\"\" title=\"Plancher chauffant 1\" style=\"margin: 0 auto; width: 90.044411547002%\" srcset=\"https:\/\/mta83.com\/wp-content\/uploads\/2024\/07\/Plancher-chauffant-1.png 811w, https:\/\/mta83.com\/wp-content\/uploads\/2024\/07\/Plancher-chauffant-1-300x143.png 300w, https:\/\/mta83.com\/wp-content\/uploads\/2024\/07\/Plancher-chauffant-1-768x366.png 768w, https:\/\/mta83.com\/wp-content\/uploads\/2024\/07\/Plancher-chauffant-1-24x11.png 24w, https:\/\/mta83.com\/wp-content\/uploads\/2024\/07\/Plancher-chauffant-1-36x17.png 36w, https:\/\/mta83.com\/wp-content\/uploads\/2024\/07\/Plancher-chauffant-1-48x23.png 48w\" sizes=\"auto, (max-width: 811px) 100vw, 811px\" \/><\/li>\n                <li style=\"display: none; width: 100%;\" class=\"slide-907 ms-image \" aria-roledescription=\"slide\" aria-label=\"slide-907\"><img loading=\"lazy\" decoding=\"async\" width=\"3840\" height=\"2160\" src=\"https:\/\/mta83.com\/wp-content\/uploads\/2024\/07\/Plancher-chauffant.png\" class=\"slider-671 slide-907\" alt=\"\" rel=\"\" title=\"Plancher chauffant\" style=\"margin: 0 auto; width: 76.190476190476%\" srcset=\"https:\/\/mta83.com\/wp-content\/uploads\/2024\/07\/Plancher-chauffant.png 3840w, https:\/\/mta83.com\/wp-content\/uploads\/2024\/07\/Plancher-chauffant-300x169.png 300w, https:\/\/mta83.com\/wp-content\/uploads\/2024\/07\/Plancher-chauffant-1024x576.png 1024w, https:\/\/mta83.com\/wp-content\/uploads\/2024\/07\/Plancher-chauffant-768x432.png 768w, https:\/\/mta83.com\/wp-content\/uploads\/2024\/07\/Plancher-chauffant-1536x864.png 1536w, https:\/\/mta83.com\/wp-content\/uploads\/2024\/07\/Plancher-chauffant-2048x1152.png 2048w, https:\/\/mta83.com\/wp-content\/uploads\/2024\/07\/Plancher-chauffant-24x14.png 24w, https:\/\/mta83.com\/wp-content\/uploads\/2024\/07\/Plancher-chauffant-36x20.png 36w, https:\/\/mta83.com\/wp-content\/uploads\/2024\/07\/Plancher-chauffant-48x27.png 48w\" sizes=\"auto, (max-width: 3840px) 100vw, 3840px\" \/><\/li>\n            <\/ul>\n        <\/div>\n        \n    <\/div>\n<\/div>\n\n\n\n<p><strong>La pompe \u00e0 chaleur Air\/Eau pour un plancher chauffant \/ rafra\u00eechissant<\/strong> fonctionne gr\u00e2ce \u00e0 un r\u00e9seau de tuyauterie dans le sol, cette eau est chauff\u00e9e\/refroidie par la PAC. Aucun encombrement visuel. Pas de radiateur, split, grille de soufflage ou autre. Une homog\u00e9n\u00e9it\u00e9 de temp\u00e9rature dans toutes vos pi\u00e8ces, des \u00e9conomies d\u2019\u00e9nergie encore sup\u00e9rieures \u00e0 la PAC AIR\/AIR. Un syst\u00e8me compl\u00e8tement silencieux (uniquement de l\u2019eau qui circule dans votre sol, des performances par tous temps et jusqu\u2019\u00e0 70% d\u2019\u00e9nergie en moins par rapport \u00e0 vos chauffages \u00e9lectriques actuels. Sa large de gamme permet de fonctionner jusqu\u2019\u00e0 -25\u00b0C en hiver ! Il est possible de traiter une villa de 250m\u00b2 avec une seule machine, pour un faible co\u00fbt de maintenance annuel car il n\u2019y a qu\u2019un seul moteur. Si vous aviez install\u00e9 4 ou 5 climatisations split, vous auriez au moins 3 machines \u00e0 entretenir chaque ann\u00e9e ! Le plancher offre \u00e9galement un avantage sur la puret\u00e9 de l\u2019air de votre logement .<\/p>\n\n\n\n<ul class=\"wp-block-list\">\n<li>Pour le remplacement d\u2019une chaudi\u00e8re sur un r\u00e9seau de radiateurs \/ planchers, vous b\u00e9n\u00e9ficiez :\n<ul class=\"wp-block-list\">\n<li>D\u2019une aide d\u2019\u00e9tat via MA PRIME RENOVE, et RGE<\/li>\n\n\n\n<li>D\u2019un cr\u00e9dit imp\u00f4t<\/li>\n<\/ul>\n<\/li>\n<\/ul>\n\n\n\n<p><br>Toutes ces machines sont issues d\u2019un proc\u00e9d\u00e9 \u00e9lectronique de r\u00e9gulation Inverter (Tr\u00e8s faible consommation car c\u2019est un moteur \u00e0 puissance variable) et r\u00e9versibles pour le chauffage et le rafra\u00eechissement<\/p>\n\n\n\n<figure class=\"wp-block-pullquote\"><blockquote><p>Bon \u00e0 savoir ! les PAC Air-Eau peuvent \u00e9galement produire votre Eau Chaude Sanitaire avec le m\u00eame moteur<\/p><\/blockquote><\/figure>\n\n\n\n<div class=\"wp-block-buttons is-content-justification-right is-layout-flex wp-container-core-buttons-is-layout-d445cf74 wp-block-buttons-is-layout-flex\">\n<div class=\"wp-block-button\"><a class=\"wp-block-button__link wp-element-button\" href=\"https:\/\/mta83.com\/index.php\/contactez-nous\/\">Demander un devis<\/a><\/div>\n<\/div>\n\n\n\n<figure class=\"wp-block-image aligncenter size-medium is-resized\"><a href=\"https:\/\/www.google.com\/maps\/place\/MTA+Chauffage+-+Climatisation+-+Plomberie+%2F+Clim+-+PAC+-+chauffe+eau+thermodynamique+-+cumulus+-+Cave+%C3%A0+vin+-+Bateau+Yacht\/@43.2253812,6.135497,15z\/data=!4m18!1m9!3m8!1s0x12c93d3bc4df43ad:0x89409391f7e7d56c!2sMTA+Chauffage+-+Climatisation+-+Plomberie+%2F+Clim+-+PAC+-+chauffe+eau+thermodynamique+-+cumulus+-+Cave+%C3%A0+vin+-+Bateau+Yacht!8m2!3d43.2253812!4d6.135497!9m1!1b1!16s%2Fg%2F11fx8wvwl3!3m7!1s0x12c93d3bc4df43ad:0x89409391f7e7d56c!8m2!3d43.2253812!4d6.135497!9m1!1b1!16s%2Fg%2F11fx8wvwl3?entry=ttu\" target=\"_blank\" rel=\"noreferrer noopener\"><img loading=\"lazy\" decoding=\"async\" width=\"300\" height=\"158\" src=\"https:\/\/mta83.com\/wp-content\/uploads\/2024\/06\/google-avis-client-300x158.webp\" alt=\"\" class=\"wp-image-441\" style=\"width:250px\" srcset=\"https:\/\/mta83.com\/wp-content\/uploads\/2024\/06\/google-avis-client-300x158.webp 300w, https:\/\/mta83.com\/wp-content\/uploads\/2024\/06\/google-avis-client-768x404.webp 768w, https:\/\/mta83.com\/wp-content\/uploads\/2024\/06\/google-avis-client-24x13.webp 24w, https:\/\/mta83.com\/wp-content\/uploads\/2024\/06\/google-avis-client-36x19.webp 36w, https:\/\/mta83.com\/wp-content\/uploads\/2024\/06\/google-avis-client-48x25.webp 48w, https:\/\/mta83.com\/wp-content\/uploads\/2024\/06\/google-avis-client.webp 1024w\" sizes=\"auto, (max-width: 300px) 100vw, 300px\" \/><\/a><\/figure>\n","protected":false},"excerpt":{"rendered":"<p>PlUNE SYSTEME TRES PERFORMANT EN CHAUFFAGE ET EN&nbsp;RAFRAICHISSEMENT PAR LE SOL La pompe \u00e0 chaleur Air\/Eau pour un plancher chauffant \/ rafra\u00eechissant fonctionne gr\u00e2ce \u00e0 un r\u00e9seau de tuyauterie dans le sol, cette eau est chauff\u00e9e\/refroidie par la PAC. Aucun encombrement visuel. Pas de radiateur, split, grille de soufflage ou autre. Une homog\u00e9n\u00e9it\u00e9 de temp\u00e9rature [&hellip;]<\/p>\n","protected":false},"author":1,"featured_media":0,"parent":0,"menu_order":0,"comment_status":"closed","ping_status":"closed","template":"","meta":{"footnotes":""},"class_list":["post-230","page","type-page","status-publish","hentry"],"_links":{"self":[{"href":"https:\/\/mta83.com\/index.php\/wp-json\/wp\/v2\/pages\/230","targetHints":{"allow":["GET"]}}],"collection":[{"href":"https:\/\/mta83.com\/index.php\/wp-json\/wp\/v2\/pages"}],"about":[{"href":"https:\/\/mta83.com\/index.php\/wp-json\/wp\/v2\/types\/page"}],"author":[{"embeddable":true,"href":"https:\/\/mta83.com\/index.php\/wp-json\/wp\/v2\/users\/1"}],"replies":[{"embeddable":true,"href":"https:\/\/mta83.com\/index.php\/wp-json\/wp\/v2\/comments?post=230"}],"version-history":[{"count":11,"href":"https:\/\/mta83.com\/index.php\/wp-json\/wp\/v2\/pages\/230\/revisions"}],"predecessor-version":[{"id":980,"href":"https:\/\/mta83.com\/index.php\/wp-json\/wp\/v2\/pages\/230\/revisions\/980"}],"wp:attachment":[{"href":"https:\/\/mta83.com\/index.php\/wp-json\/wp\/v2\/media?parent=230"}],"curies":[{"name":"wp","href":"https:\/\/api.w.org\/{rel}","templated":true}]}}