{"id":233,"date":"2024-05-28T15:04:50","date_gmt":"2024-05-28T13:04:50","guid":{"rendered":"https:\/\/mta83.com\/?page_id=233"},"modified":"2024-08-03T15:10:48","modified_gmt":"2024-08-03T13:10:48","slug":"pompe-a-chaleur-piscine","status":"publish","type":"page","link":"https:\/\/mta83.com\/index.php\/pompe-a-chaleur-piscine\/","title":{"rendered":"Pompe \u00e0 chaleur Piscine"},"content":{"rendered":"<div id=\"metaslider-id-684\" style=\"width: 100%;\" class=\"ml-slider-3-91-0 metaslider metaslider-flex metaslider-684 ml-slider ms-theme-default nav-hidden\" role=\"region\" aria-roledescription=\"Slideshow\" aria-label=\"Piscine\">\n    <div id=\"metaslider_container_684\">\n        <div id=\"metaslider_684\">\n            <ul class='slides'>\n                <li style=\"display: block; width: 100%;\" class=\"slide-915 ms-image \" aria-roledescription=\"slide\" aria-label=\"slide-915\"><img loading=\"lazy\" decoding=\"async\" width=\"3840\" height=\"2160\" src=\"https:\/\/mta83.com\/wp-content\/uploads\/2024\/07\/Pac-piscine-2.png\" class=\"slider-684 slide-915\" alt=\"\" rel=\"\" title=\"Pac piscine 2\" style=\"margin: 0 auto; width: 76.190476190476%\" srcset=\"https:\/\/mta83.com\/wp-content\/uploads\/2024\/07\/Pac-piscine-2.png 3840w, https:\/\/mta83.com\/wp-content\/uploads\/2024\/07\/Pac-piscine-2-300x169.png 300w, https:\/\/mta83.com\/wp-content\/uploads\/2024\/07\/Pac-piscine-2-1024x576.png 1024w, https:\/\/mta83.com\/wp-content\/uploads\/2024\/07\/Pac-piscine-2-768x432.png 768w, https:\/\/mta83.com\/wp-content\/uploads\/2024\/07\/Pac-piscine-2-1536x864.png 1536w, https:\/\/mta83.com\/wp-content\/uploads\/2024\/07\/Pac-piscine-2-2048x1152.png 2048w, https:\/\/mta83.com\/wp-content\/uploads\/2024\/07\/Pac-piscine-2-24x14.png 24w, https:\/\/mta83.com\/wp-content\/uploads\/2024\/07\/Pac-piscine-2-36x20.png 36w, https:\/\/mta83.com\/wp-content\/uploads\/2024\/07\/Pac-piscine-2-48x27.png 48w\" sizes=\"auto, (max-width: 3840px) 100vw, 3840px\" \/><\/li>\n                <li style=\"display: none; width: 100%;\" class=\"slide-914 ms-image \" aria-roledescription=\"slide\" aria-label=\"slide-914\"><img loading=\"lazy\" decoding=\"async\" width=\"3840\" height=\"2160\" src=\"https:\/\/mta83.com\/wp-content\/uploads\/2024\/07\/Pac-piscine-1.png\" class=\"slider-684 slide-914\" alt=\"\" rel=\"\" title=\"Pac piscine 1\" style=\"margin: 0 auto; width: 76.190476190476%\" srcset=\"https:\/\/mta83.com\/wp-content\/uploads\/2024\/07\/Pac-piscine-1.png 3840w, https:\/\/mta83.com\/wp-content\/uploads\/2024\/07\/Pac-piscine-1-300x169.png 300w, https:\/\/mta83.com\/wp-content\/uploads\/2024\/07\/Pac-piscine-1-1024x576.png 1024w, https:\/\/mta83.com\/wp-content\/uploads\/2024\/07\/Pac-piscine-1-768x432.png 768w, https:\/\/mta83.com\/wp-content\/uploads\/2024\/07\/Pac-piscine-1-1536x864.png 1536w, https:\/\/mta83.com\/wp-content\/uploads\/2024\/07\/Pac-piscine-1-2048x1152.png 2048w, https:\/\/mta83.com\/wp-content\/uploads\/2024\/07\/Pac-piscine-1-24x14.png 24w, https:\/\/mta83.com\/wp-content\/uploads\/2024\/07\/Pac-piscine-1-36x20.png 36w, https:\/\/mta83.com\/wp-content\/uploads\/2024\/07\/Pac-piscine-1-48x27.png 48w\" sizes=\"auto, (max-width: 3840px) 100vw, 3840px\" \/><\/li>\n                <li style=\"display: none; width: 100%;\" class=\"slide-916 ms-image \" aria-roledescription=\"slide\" aria-label=\"slide-916\"><img loading=\"lazy\" decoding=\"async\" width=\"3840\" height=\"2160\" src=\"https:\/\/mta83.com\/wp-content\/uploads\/2024\/07\/Pac-piscine-3.png\" class=\"slider-684 slide-916\" alt=\"\" rel=\"\" title=\"Pac piscine 3\" style=\"margin: 0 auto; width: 76.190476190476%\" srcset=\"https:\/\/mta83.com\/wp-content\/uploads\/2024\/07\/Pac-piscine-3.png 3840w, https:\/\/mta83.com\/wp-content\/uploads\/2024\/07\/Pac-piscine-3-300x169.png 300w, https:\/\/mta83.com\/wp-content\/uploads\/2024\/07\/Pac-piscine-3-1024x576.png 1024w, https:\/\/mta83.com\/wp-content\/uploads\/2024\/07\/Pac-piscine-3-768x432.png 768w, https:\/\/mta83.com\/wp-content\/uploads\/2024\/07\/Pac-piscine-3-1536x864.png 1536w, https:\/\/mta83.com\/wp-content\/uploads\/2024\/07\/Pac-piscine-3-2048x1152.png 2048w, https:\/\/mta83.com\/wp-content\/uploads\/2024\/07\/Pac-piscine-3-24x14.png 24w, https:\/\/mta83.com\/wp-content\/uploads\/2024\/07\/Pac-piscine-3-36x20.png 36w, https:\/\/mta83.com\/wp-content\/uploads\/2024\/07\/Pac-piscine-3-48x27.png 48w\" sizes=\"auto, (max-width: 3840px) 100vw, 3840px\" \/><\/li>\n                <li style=\"display: none; width: 100%;\" class=\"slide-920 ms-image \" aria-roledescription=\"slide\" aria-label=\"slide-920\"><img loading=\"lazy\" decoding=\"async\" width=\"3840\" height=\"2160\" src=\"https:\/\/mta83.com\/wp-content\/uploads\/2024\/07\/Pac-piscine-4-1.png\" class=\"slider-684 slide-920\" alt=\"\" rel=\"\" title=\"Pac piscine 4\" style=\"margin: 0 auto; width: 76.190476190476%\" srcset=\"https:\/\/mta83.com\/wp-content\/uploads\/2024\/07\/Pac-piscine-4-1.png 3840w, https:\/\/mta83.com\/wp-content\/uploads\/2024\/07\/Pac-piscine-4-1-300x169.png 300w, https:\/\/mta83.com\/wp-content\/uploads\/2024\/07\/Pac-piscine-4-1-1024x576.png 1024w, https:\/\/mta83.com\/wp-content\/uploads\/2024\/07\/Pac-piscine-4-1-768x432.png 768w, https:\/\/mta83.com\/wp-content\/uploads\/2024\/07\/Pac-piscine-4-1-1536x864.png 1536w, https:\/\/mta83.com\/wp-content\/uploads\/2024\/07\/Pac-piscine-4-1-2048x1152.png 2048w, https:\/\/mta83.com\/wp-content\/uploads\/2024\/07\/Pac-piscine-4-1-24x14.png 24w, https:\/\/mta83.com\/wp-content\/uploads\/2024\/07\/Pac-piscine-4-1-36x20.png 36w, https:\/\/mta83.com\/wp-content\/uploads\/2024\/07\/Pac-piscine-4-1-48x27.png 48w\" sizes=\"auto, (max-width: 3840px) 100vw, 3840px\" \/><\/li>\n                <li style=\"display: none; width: 100%;\" class=\"slide-921 ms-image \" aria-roledescription=\"slide\" aria-label=\"slide-921\"><img loading=\"lazy\" decoding=\"async\" width=\"3840\" height=\"2160\" src=\"https:\/\/mta83.com\/wp-content\/uploads\/2024\/07\/PAC-Piscine.png\" class=\"slider-684 slide-921\" alt=\"\" rel=\"\" title=\"PAC Piscine\" style=\"margin: 0 auto; width: 76.190476190476%\" srcset=\"https:\/\/mta83.com\/wp-content\/uploads\/2024\/07\/PAC-Piscine.png 3840w, https:\/\/mta83.com\/wp-content\/uploads\/2024\/07\/PAC-Piscine-300x169.png 300w, https:\/\/mta83.com\/wp-content\/uploads\/2024\/07\/PAC-Piscine-1024x576.png 1024w, https:\/\/mta83.com\/wp-content\/uploads\/2024\/07\/PAC-Piscine-768x432.png 768w, https:\/\/mta83.com\/wp-content\/uploads\/2024\/07\/PAC-Piscine-1536x864.png 1536w, https:\/\/mta83.com\/wp-content\/uploads\/2024\/07\/PAC-Piscine-2048x1152.png 2048w, https:\/\/mta83.com\/wp-content\/uploads\/2024\/07\/PAC-Piscine-24x14.png 24w, https:\/\/mta83.com\/wp-content\/uploads\/2024\/07\/PAC-Piscine-36x20.png 36w, https:\/\/mta83.com\/wp-content\/uploads\/2024\/07\/PAC-Piscine-48x27.png 48w\" sizes=\"auto, (max-width: 3840px) 100vw, 3840px\" \/><\/li>\n            <\/ul>\n        <\/div>\n        \n    <\/div>\n<\/div>\n\n\n\n<p>Si vous le souhaitez, vous pouvez chauffer l\u2019eau de votre piscine toute l\u2019ann\u00e9e.<\/p>\n\n\n\n<p>La PAC piscine permet de chauffer l\u2019eau de votre piscine et selon le mod\u00e8le de PAC, elle permet \u00e9galement de la rafra\u00eechir lorsque l\u2019\u00e9t\u00e9 devient trop chaud.<\/p>\n\n\n\n<p>Tr\u00e8s g\u00e9n\u00e9ralement les PAC sont install\u00e9es pour allonger la saison d\u2019\u00e9t\u00e9 et pour profiter de votre piscine au moins 3 mois suppl\u00e9mentaires. La PAC piscine reste un syst\u00e8me avec une forte production d\u2019\u00e9nergie mais une faible consommation \u00e9lectrique. Vous pourrez enfin profiter de votre piscine plus de 2 mois par an&nbsp;!<\/p>\n\n\n\n<p><strong>Habillage groupe ext\u00e9rieur (marque DEVAUX)<\/strong><\/p>\n\n\n\n<p>Il permet de cacher votre groupe ext\u00e9rieur climatisation \/ pompe \u00e0 chaleur avec \u00e9l\u00e9gance.<\/p>\n\n\n\n<p>Bon \u00e0 savoir : certaines communes imposent la mise en place d\u2019un habillage de groupe.<\/p>\n\n\n\n<p>Les habillages se d\u00e9clinent en plusieurs tailles, formes et couleurs. Je recommande la marque Devaux pour la qualit\u00e9 et l\u2019efficacit\u00e9 de leurs produits (voir un mod\u00e8le ci-dessous).<\/p>\n\n\n\n<div class=\"wp-block-buttons is-content-justification-right is-layout-flex wp-container-core-buttons-is-layout-d445cf74 wp-block-buttons-is-layout-flex\">\n<div class=\"wp-block-button\"><a class=\"wp-block-button__link wp-element-button\" href=\"https:\/\/mta83.com\/index.php\/contactez-nous\/\">Demander un devis<\/a><\/div>\n<\/div>\n\n\n\n<figure class=\"wp-block-image aligncenter size-medium is-resized\"><a href=\"https:\/\/www.google.com\/maps\/place\/MTA+Chauffage+-+Climatisation+-+Plomberie+%2F+Clim+-+PAC+-+chauffe+eau+thermodynamique+-+cumulus+-+Cave+%C3%A0+vin+-+Bateau+Yacht\/@43.2253812,6.135497,15z\/data=!4m18!1m9!3m8!1s0x12c93d3bc4df43ad:0x89409391f7e7d56c!2sMTA+Chauffage+-+Climatisation+-+Plomberie+%2F+Clim+-+PAC+-+chauffe+eau+thermodynamique+-+cumulus+-+Cave+%C3%A0+vin+-+Bateau+Yacht!8m2!3d43.2253812!4d6.135497!9m1!1b1!16s%2Fg%2F11fx8wvwl3!3m7!1s0x12c93d3bc4df43ad:0x89409391f7e7d56c!8m2!3d43.2253812!4d6.135497!9m1!1b1!16s%2Fg%2F11fx8wvwl3?entry=ttu\" target=\"_blank\" rel=\"noreferrer noopener\"><img loading=\"lazy\" decoding=\"async\" width=\"300\" height=\"158\" src=\"https:\/\/mta83.com\/wp-content\/uploads\/2024\/06\/google-avis-client-300x158.webp\" alt=\"\" class=\"wp-image-441\" style=\"width:250px\" srcset=\"https:\/\/mta83.com\/wp-content\/uploads\/2024\/06\/google-avis-client-300x158.webp 300w, https:\/\/mta83.com\/wp-content\/uploads\/2024\/06\/google-avis-client-768x404.webp 768w, https:\/\/mta83.com\/wp-content\/uploads\/2024\/06\/google-avis-client-24x13.webp 24w, https:\/\/mta83.com\/wp-content\/uploads\/2024\/06\/google-avis-client-36x19.webp 36w, https:\/\/mta83.com\/wp-content\/uploads\/2024\/06\/google-avis-client-48x25.webp 48w, https:\/\/mta83.com\/wp-content\/uploads\/2024\/06\/google-avis-client.webp 1024w\" sizes=\"auto, (max-width: 300px) 100vw, 300px\" \/><\/a><\/figure>\n","protected":false},"excerpt":{"rendered":"<p>Si vous le souhaitez, vous pouvez chauffer l\u2019eau de votre piscine toute l\u2019ann\u00e9e. La PAC piscine permet de chauffer l\u2019eau de votre piscine et selon le mod\u00e8le de PAC, elle permet \u00e9galement de la rafra\u00eechir lorsque l\u2019\u00e9t\u00e9 devient trop chaud. Tr\u00e8s g\u00e9n\u00e9ralement les PAC sont install\u00e9es pour allonger la saison d\u2019\u00e9t\u00e9 et pour profiter de [&hellip;]<\/p>\n","protected":false},"author":1,"featured_media":0,"parent":0,"menu_order":0,"comment_status":"closed","ping_status":"closed","template":"","meta":{"footnotes":""},"class_list":["post-233","page","type-page","status-publish","hentry"],"_links":{"self":[{"href":"https:\/\/mta83.com\/index.php\/wp-json\/wp\/v2\/pages\/233","targetHints":{"allow":["GET"]}}],"collection":[{"href":"https:\/\/mta83.com\/index.php\/wp-json\/wp\/v2\/pages"}],"about":[{"href":"https:\/\/mta83.com\/index.php\/wp-json\/wp\/v2\/types\/page"}],"author":[{"embeddable":true,"href":"https:\/\/mta83.com\/index.php\/wp-json\/wp\/v2\/users\/1"}],"replies":[{"embeddable":true,"href":"https:\/\/mta83.com\/index.php\/wp-json\/wp\/v2\/comments?post=233"}],"version-history":[{"count":10,"href":"https:\/\/mta83.com\/index.php\/wp-json\/wp\/v2\/pages\/233\/revisions"}],"predecessor-version":[{"id":982,"href":"https:\/\/mta83.com\/index.php\/wp-json\/wp\/v2\/pages\/233\/revisions\/982"}],"wp:attachment":[{"href":"https:\/\/mta83.com\/index.php\/wp-json\/wp\/v2\/media?parent=233"}],"curies":[{"name":"wp","href":"https:\/\/api.w.org\/{rel}","templated":true}]}}