{"id":238,"date":"2024-05-28T15:08:35","date_gmt":"2024-05-28T13:08:35","guid":{"rendered":"https:\/\/mta83.com\/?page_id=238"},"modified":"2024-08-03T15:13:49","modified_gmt":"2024-08-03T13:13:49","slug":"chauffe-eau-thermodynamique-2","status":"publish","type":"page","link":"https:\/\/mta83.com\/index.php\/chauffe-eau-thermodynamique-2\/","title":{"rendered":"Chauffe eau Thermodynamique"},"content":{"rendered":"\n<p><strong>Une \u00e9norme \u00e9conomie d\u2019\u00e9nergie<\/strong><\/p>\n\n\n<div id=\"metaslider-id-802\" style=\"width: 100%;\" class=\"ml-slider-3-91-0 metaslider metaslider-flex metaslider-802 ml-slider ms-theme-default nav-hidden\" role=\"region\" aria-roledescription=\"Slideshow\" aria-label=\"Thermodynamique\">\n    <div id=\"metaslider_container_802\">\n        <div id=\"metaslider_802\">\n            <ul class='slides'>\n                <li style=\"display: block; width: 100%;\" class=\"slide-803 ms-image \" aria-roledescription=\"slide\" aria-label=\"slide-803\"><img loading=\"lazy\" decoding=\"async\" width=\"1645\" height=\"1229\" src=\"https:\/\/mta83.com\/wp-content\/uploads\/2024\/07\/chauffe-eau2.jpg\" class=\"slider-802 slide-803\" alt=\"\" rel=\"\" title=\"chauffe-eau2\" style=\"margin: 0 auto; width: 57.363710333605%\" srcset=\"https:\/\/mta83.com\/wp-content\/uploads\/2024\/07\/chauffe-eau2.jpg 1645w, https:\/\/mta83.com\/wp-content\/uploads\/2024\/07\/chauffe-eau2-300x224.jpg 300w, https:\/\/mta83.com\/wp-content\/uploads\/2024\/07\/chauffe-eau2-1024x765.jpg 1024w, https:\/\/mta83.com\/wp-content\/uploads\/2024\/07\/chauffe-eau2-768x574.jpg 768w, https:\/\/mta83.com\/wp-content\/uploads\/2024\/07\/chauffe-eau2-1536x1148.jpg 1536w, https:\/\/mta83.com\/wp-content\/uploads\/2024\/07\/chauffe-eau2-24x18.jpg 24w, https:\/\/mta83.com\/wp-content\/uploads\/2024\/07\/chauffe-eau2-36x27.jpg 36w, https:\/\/mta83.com\/wp-content\/uploads\/2024\/07\/chauffe-eau2-48x36.jpg 48w\" sizes=\"auto, (max-width: 1645px) 100vw, 1645px\" \/><\/li>\n                <li style=\"display: none; width: 100%;\" class=\"slide-804 ms-image \" aria-roledescription=\"slide\" aria-label=\"slide-804\"><img loading=\"lazy\" decoding=\"async\" width=\"768\" height=\"486\" src=\"https:\/\/mta83.com\/wp-content\/uploads\/2024\/07\/sdb.jpg\" class=\"slider-802 slide-804\" alt=\"\" rel=\"\" title=\"sdb\" style=\"margin: 0 auto; width: 67.724867724868%\" srcset=\"https:\/\/mta83.com\/wp-content\/uploads\/2024\/07\/sdb.jpg 768w, https:\/\/mta83.com\/wp-content\/uploads\/2024\/07\/sdb-300x190.jpg 300w, https:\/\/mta83.com\/wp-content\/uploads\/2024\/07\/sdb-24x15.jpg 24w, https:\/\/mta83.com\/wp-content\/uploads\/2024\/07\/sdb-36x23.jpg 36w, https:\/\/mta83.com\/wp-content\/uploads\/2024\/07\/sdb-48x30.jpg 48w\" sizes=\"auto, (max-width: 768px) 100vw, 768px\" \/><\/li>\n                <li style=\"display: none; width: 100%;\" class=\"slide-808 ms-image \" aria-roledescription=\"slide\" aria-label=\"slide-808\"><img loading=\"lazy\" decoding=\"async\" width=\"868\" height=\"550\" src=\"https:\/\/mta83.com\/wp-content\/uploads\/2024\/07\/chauffe-eau-thermodynamique.jpg\" class=\"slider-802 slide-808\" alt=\"\" rel=\"\" title=\"chauffe-eau-thermodynamique\" style=\"margin: 0 auto; width: 67.636363636364%\" srcset=\"https:\/\/mta83.com\/wp-content\/uploads\/2024\/07\/chauffe-eau-thermodynamique.jpg 868w, https:\/\/mta83.com\/wp-content\/uploads\/2024\/07\/chauffe-eau-thermodynamique-300x190.jpg 300w, https:\/\/mta83.com\/wp-content\/uploads\/2024\/07\/chauffe-eau-thermodynamique-768x487.jpg 768w, https:\/\/mta83.com\/wp-content\/uploads\/2024\/07\/chauffe-eau-thermodynamique-24x15.jpg 24w, https:\/\/mta83.com\/wp-content\/uploads\/2024\/07\/chauffe-eau-thermodynamique-36x23.jpg 36w, https:\/\/mta83.com\/wp-content\/uploads\/2024\/07\/chauffe-eau-thermodynamique-48x30.jpg 48w\" sizes=\"auto, (max-width: 868px) 100vw, 868px\" \/><\/li>\n            <\/ul>\n        <\/div>\n        \n    <\/div>\n<\/div>\n\n\n\n<p>Gr\u00e2ce au chauffe-eau thermodynamique, vous produisez votre eau chaude tout en pr\u00e9servant la plan\u00e8te gr\u00e2ce \u00e0 la production d\u2019\u00e9nergie renouvelable.<\/p>\n\n\n\n<p>Il existe 2 types de chauffe-eaux, <s>ceux dit<\/s> le \u00ab&nbsp;mono-bloc&nbsp;\u00bb avec son moteur au-dessus de la cuve d\u2019eau, et le \u00ab&nbsp;bi-bloc \/ split&nbsp;\u00bb avec le moteur en ext\u00e9rieur (comme un groupe ext\u00e9rieur de climatisation).<\/p>\n\n\n\n<p>Le chauffe-eau thermodynamique consomme en moyenne 4 \u00e0 5 fois moins que votre chauffe-eau \u00e9lectrique. Pour un chauffe-eau standard avec une r\u00e9sistance de 3000 W produits et consomm\u00e9s, un chauffe-eau thermodynamique va produire 3000 W mais il va en consommer seulement&nbsp;<strong>666 W)<\/strong><\/p>\n\n\n\n<figure class=\"wp-block-pullquote\"><blockquote><p>Bon \u00e0 savoir \u00e0 ce jour vous pouvez b\u00e9n\u00e9ficier : de l\u2019aide d\u2019\u00e9tat avec MA PRIME RENOV et un Cr\u00e9dit impot<\/p><\/blockquote><\/figure>\n\n\n\n<div class=\"wp-block-buttons is-content-justification-right is-layout-flex wp-container-core-buttons-is-layout-d445cf74 wp-block-buttons-is-layout-flex\">\n<div class=\"wp-block-button\"><a class=\"wp-block-button__link wp-element-button\" href=\"https:\/\/mta83.com\/index.php\/contactez-nous\/\">Demander un devis<\/a><\/div>\n<\/div>\n\n\n\n<figure class=\"wp-block-image aligncenter size-medium is-resized\"><a href=\"https:\/\/www.google.com\/maps\/place\/MTA+Chauffage+-+Climatisation+-+Plomberie+%2F+Clim+-+PAC+-+chauffe+eau+thermodynamique+-+cumulus+-+Cave+%C3%A0+vin+-+Bateau+Yacht\/@43.2253812,6.135497,15z\/data=!4m18!1m9!3m8!1s0x12c93d3bc4df43ad:0x89409391f7e7d56c!2sMTA+Chauffage+-+Climatisation+-+Plomberie+%2F+Clim+-+PAC+-+chauffe+eau+thermodynamique+-+cumulus+-+Cave+%C3%A0+vin+-+Bateau+Yacht!8m2!3d43.2253812!4d6.135497!9m1!1b1!16s%2Fg%2F11fx8wvwl3!3m7!1s0x12c93d3bc4df43ad:0x89409391f7e7d56c!8m2!3d43.2253812!4d6.135497!9m1!1b1!16s%2Fg%2F11fx8wvwl3?entry=ttu\" target=\"_blank\" rel=\"noreferrer noopener\"><img loading=\"lazy\" decoding=\"async\" width=\"300\" height=\"158\" src=\"https:\/\/mta83.com\/wp-content\/uploads\/2024\/06\/google-avis-client-300x158.webp\" alt=\"\" class=\"wp-image-441\" style=\"width:250px\" srcset=\"https:\/\/mta83.com\/wp-content\/uploads\/2024\/06\/google-avis-client-300x158.webp 300w, https:\/\/mta83.com\/wp-content\/uploads\/2024\/06\/google-avis-client-768x404.webp 768w, https:\/\/mta83.com\/wp-content\/uploads\/2024\/06\/google-avis-client-24x13.webp 24w, https:\/\/mta83.com\/wp-content\/uploads\/2024\/06\/google-avis-client-36x19.webp 36w, https:\/\/mta83.com\/wp-content\/uploads\/2024\/06\/google-avis-client-48x25.webp 48w, https:\/\/mta83.com\/wp-content\/uploads\/2024\/06\/google-avis-client.webp 1024w\" sizes=\"auto, (max-width: 300px) 100vw, 300px\" \/><\/a><\/figure>\n","protected":false},"excerpt":{"rendered":"<p>Une \u00e9norme \u00e9conomie d\u2019\u00e9nergie Gr\u00e2ce au chauffe-eau thermodynamique, vous produisez votre eau chaude tout en pr\u00e9servant la plan\u00e8te gr\u00e2ce \u00e0 la production d\u2019\u00e9nergie renouvelable. Il existe 2 types de chauffe-eaux, ceux dit le \u00ab&nbsp;mono-bloc&nbsp;\u00bb avec son moteur au-dessus de la cuve d\u2019eau, et le \u00ab&nbsp;bi-bloc \/ split&nbsp;\u00bb avec le moteur en ext\u00e9rieur (comme un groupe [&hellip;]<\/p>\n","protected":false},"author":1,"featured_media":0,"parent":0,"menu_order":0,"comment_status":"closed","ping_status":"closed","template":"","meta":{"footnotes":""},"class_list":["post-238","page","type-page","status-publish","hentry"],"_links":{"self":[{"href":"https:\/\/mta83.com\/index.php\/wp-json\/wp\/v2\/pages\/238","targetHints":{"allow":["GET"]}}],"collection":[{"href":"https:\/\/mta83.com\/index.php\/wp-json\/wp\/v2\/pages"}],"about":[{"href":"https:\/\/mta83.com\/index.php\/wp-json\/wp\/v2\/types\/page"}],"author":[{"embeddable":true,"href":"https:\/\/mta83.com\/index.php\/wp-json\/wp\/v2\/users\/1"}],"replies":[{"embeddable":true,"href":"https:\/\/mta83.com\/index.php\/wp-json\/wp\/v2\/comments?post=238"}],"version-history":[{"count":9,"href":"https:\/\/mta83.com\/index.php\/wp-json\/wp\/v2\/pages\/238\/revisions"}],"predecessor-version":[{"id":986,"href":"https:\/\/mta83.com\/index.php\/wp-json\/wp\/v2\/pages\/238\/revisions\/986"}],"wp:attachment":[{"href":"https:\/\/mta83.com\/index.php\/wp-json\/wp\/v2\/media?parent=238"}],"curies":[{"name":"wp","href":"https:\/\/api.w.org\/{rel}","templated":true}]}}