{"id":249,"date":"2024-05-28T15:17:50","date_gmt":"2024-05-28T13:17:50","guid":{"rendered":"https:\/\/mta83.com\/?page_id=249"},"modified":"2024-08-03T15:24:11","modified_gmt":"2024-08-03T13:24:11","slug":"entretien-climatisation-et-pac","status":"publish","type":"page","link":"https:\/\/mta83.com\/index.php\/entretien-climatisation-et-pac\/","title":{"rendered":"Entretien de climatisation et de PAC"},"content":{"rendered":"<div id=\"metaslider-id-753\" style=\"width: 100%;\" class=\"ml-slider-3-91-0 metaslider metaslider-flex metaslider-753 ml-slider ms-theme-default nav-hidden\" role=\"region\" aria-roledescription=\"Slideshow\" aria-label=\"Entretien climatisation\">\n    <div id=\"metaslider_container_753\">\n        <div id=\"metaslider_753\">\n            <ul class='slides'>\n                <li style=\"display: block; width: 100%;\" class=\"slide-757 ms-image \" aria-roledescription=\"slide\" aria-label=\"slide-757\"><img loading=\"lazy\" decoding=\"async\" width=\"500\" height=\"281\" src=\"https:\/\/mta83.com\/wp-content\/uploads\/2024\/07\/maintenance2.png\" class=\"slider-753 slide-757\" alt=\"\" rel=\"\" title=\"maintenance2\" style=\"margin: 0 auto; width: 76.258261311642%\" srcset=\"https:\/\/mta83.com\/wp-content\/uploads\/2024\/07\/maintenance2.png 500w, https:\/\/mta83.com\/wp-content\/uploads\/2024\/07\/maintenance2-300x169.png 300w, https:\/\/mta83.com\/wp-content\/uploads\/2024\/07\/maintenance2-24x13.png 24w, https:\/\/mta83.com\/wp-content\/uploads\/2024\/07\/maintenance2-36x20.png 36w, https:\/\/mta83.com\/wp-content\/uploads\/2024\/07\/maintenance2-48x27.png 48w\" sizes=\"auto, (max-width: 500px) 100vw, 500px\" \/><\/li>\n                <li style=\"display: none; width: 100%;\" class=\"slide-756 ms-image \" aria-roledescription=\"slide\" aria-label=\"slide-756\"><img loading=\"lazy\" decoding=\"async\" width=\"500\" height=\"500\" src=\"https:\/\/mta83.com\/wp-content\/uploads\/2024\/07\/maintenance.jpg\" class=\"slider-753 slide-756\" alt=\"\" rel=\"\" title=\"maintenance\" style=\"margin: 0 auto; width: 42.857142857143%\" srcset=\"https:\/\/mta83.com\/wp-content\/uploads\/2024\/07\/maintenance.jpg 500w, https:\/\/mta83.com\/wp-content\/uploads\/2024\/07\/maintenance-300x300.jpg 300w, https:\/\/mta83.com\/wp-content\/uploads\/2024\/07\/maintenance-150x150.jpg 150w, https:\/\/mta83.com\/wp-content\/uploads\/2024\/07\/maintenance-24x24.jpg 24w, https:\/\/mta83.com\/wp-content\/uploads\/2024\/07\/maintenance-36x36.jpg 36w, https:\/\/mta83.com\/wp-content\/uploads\/2024\/07\/maintenance-48x48.jpg 48w\" sizes=\"auto, (max-width: 500px) 100vw, 500px\" \/><\/li>\n                <li style=\"display: none; width: 100%;\" class=\"slide-820 ms-image \" aria-roledescription=\"slide\" aria-label=\"slide-820\"><img loading=\"lazy\" decoding=\"async\" width=\"1424\" height=\"801\" src=\"https:\/\/mta83.com\/wp-content\/uploads\/2024\/07\/entretien-clim.png\" class=\"slider-753 slide-820\" alt=\"\" rel=\"\" title=\"entretien-clim\" style=\"margin: 0 auto; width: 76.190476190476%\" srcset=\"https:\/\/mta83.com\/wp-content\/uploads\/2024\/07\/entretien-clim.png 1424w, https:\/\/mta83.com\/wp-content\/uploads\/2024\/07\/entretien-clim-300x169.png 300w, https:\/\/mta83.com\/wp-content\/uploads\/2024\/07\/entretien-clim-1024x576.png 1024w, https:\/\/mta83.com\/wp-content\/uploads\/2024\/07\/entretien-clim-768x432.png 768w, https:\/\/mta83.com\/wp-content\/uploads\/2024\/07\/entretien-clim-24x14.png 24w, https:\/\/mta83.com\/wp-content\/uploads\/2024\/07\/entretien-clim-36x20.png 36w, https:\/\/mta83.com\/wp-content\/uploads\/2024\/07\/entretien-clim-48x27.png 48w\" sizes=\"auto, (max-width: 1424px) 100vw, 1424px\" \/><\/li>\n                <li style=\"display: none; width: 100%;\" class=\"slide-821 ms-image \" aria-roledescription=\"slide\" aria-label=\"slide-821\"><img loading=\"lazy\" decoding=\"async\" width=\"1452\" height=\"817\" src=\"https:\/\/mta83.com\/wp-content\/uploads\/2024\/07\/Entretien-clim2.png\" class=\"slider-753 slide-821\" alt=\"\" rel=\"\" title=\"Entretien-clim2\" style=\"margin: 0 auto; width: 76.167162091275%\" srcset=\"https:\/\/mta83.com\/wp-content\/uploads\/2024\/07\/Entretien-clim2.png 1452w, https:\/\/mta83.com\/wp-content\/uploads\/2024\/07\/Entretien-clim2-300x169.png 300w, https:\/\/mta83.com\/wp-content\/uploads\/2024\/07\/Entretien-clim2-1024x576.png 1024w, https:\/\/mta83.com\/wp-content\/uploads\/2024\/07\/Entretien-clim2-768x432.png 768w, https:\/\/mta83.com\/wp-content\/uploads\/2024\/07\/Entretien-clim2-24x14.png 24w, https:\/\/mta83.com\/wp-content\/uploads\/2024\/07\/Entretien-clim2-36x20.png 36w, https:\/\/mta83.com\/wp-content\/uploads\/2024\/07\/Entretien-clim2-48x27.png 48w\" sizes=\"auto, (max-width: 1452px) 100vw, 1452px\" \/><\/li>\n                <li style=\"display: none; width: 100%;\" class=\"slide-822 ms-image \" aria-roledescription=\"slide\" aria-label=\"slide-822\"><img loading=\"lazy\" decoding=\"async\" width=\"656\" height=\"656\" src=\"https:\/\/mta83.com\/wp-content\/uploads\/2024\/07\/entretien-clim3.jpg\" class=\"slider-753 slide-822\" alt=\"\" rel=\"\" title=\"entretien-clim3\" style=\"margin: 0 auto; width: 42.857142857143%\" srcset=\"https:\/\/mta83.com\/wp-content\/uploads\/2024\/07\/entretien-clim3.jpg 656w, https:\/\/mta83.com\/wp-content\/uploads\/2024\/07\/entretien-clim3-300x300.jpg 300w, https:\/\/mta83.com\/wp-content\/uploads\/2024\/07\/entretien-clim3-150x150.jpg 150w, https:\/\/mta83.com\/wp-content\/uploads\/2024\/07\/entretien-clim3-24x24.jpg 24w, https:\/\/mta83.com\/wp-content\/uploads\/2024\/07\/entretien-clim3-36x36.jpg 36w, https:\/\/mta83.com\/wp-content\/uploads\/2024\/07\/entretien-clim3-48x48.jpg 48w\" sizes=\"auto, (max-width: 656px) 100vw, 656px\" \/><\/li>\n            <\/ul>\n        <\/div>\n        \n    <\/div>\n<\/div>\n\n\n\n<p>MTA effectue l\u2019entretien, la maintenance et le nettoyage de tous les \u00e9quipements chauffage et climatisation. <\/p>\n\n\n\n<p>Que l\u2019installation ait \u00e9t\u00e9 r\u00e9alis\u00e9e par MTA ou non, notre \u00e9quipe de professionnels interviendra rapidement. Nous proposons \u00e9galement des contrats de maintenance adapt\u00e9s \u00e0 vos \u00e9quipements.<\/p>\n\n\n\n<p>Nous intervenons sur tous syst\u00e8me de type split \/ console \/ gainable \/ cassette \/ plafonnier \/ groupe froid \/ pompe \u00e0 chaleur \/ plancher chauffant \/ radiateur etc.<\/p>\n\n\n\n<p>Notre savoir-faire et notre exp\u00e9rience mis \u00e0 votre service pour pr\u00e9server vos installations. Une machine encrass\u00e9e s\u2019use plus rapidement, surconsomme et d\u00e9veloppe des bact\u00e9ries. Cet entretien est donc important pour pr\u00e9venir d\u2019une \u00e9ventuelle panne et pour budg\u00e9ter cette future intervention.<\/p>\n\n\n\n<div class=\"wp-block-buttons is-content-justification-right is-layout-flex wp-container-core-buttons-is-layout-d445cf74 wp-block-buttons-is-layout-flex\">\n<div class=\"wp-block-button\"><a class=\"wp-block-button__link wp-element-button\" href=\"https:\/\/mta83.com\/index.php\/contactez-nous\/\">Demander un devis<\/a><\/div>\n<\/div>\n\n\n\n<figure class=\"wp-block-pullquote\"><blockquote><p><strong>Il est n\u00e9cessaire de faire entretenir r\u00e9guli\u00e8rement vos syst\u00e8mes par un professionnel.<\/strong><\/p><\/blockquote><\/figure>\n\n\n\n<figure class=\"wp-block-image aligncenter size-medium is-resized\"><a href=\"https:\/\/www.google.com\/maps\/place\/MTA+Chauffage+-+Climatisation+-+Plomberie+%2F+Clim+-+PAC+-+chauffe+eau+thermodynamique+-+cumulus+-+Cave+%C3%A0+vin+-+Bateau+Yacht\/@43.2253812,6.135497,15z\/data=!4m18!1m9!3m8!1s0x12c93d3bc4df43ad:0x89409391f7e7d56c!2sMTA+Chauffage+-+Climatisation+-+Plomberie+%2F+Clim+-+PAC+-+chauffe+eau+thermodynamique+-+cumulus+-+Cave+%C3%A0+vin+-+Bateau+Yacht!8m2!3d43.2253812!4d6.135497!9m1!1b1!16s%2Fg%2F11fx8wvwl3!3m7!1s0x12c93d3bc4df43ad:0x89409391f7e7d56c!8m2!3d43.2253812!4d6.135497!9m1!1b1!16s%2Fg%2F11fx8wvwl3?entry=ttu\" target=\"_blank\" rel=\"noreferrer noopener\"><img loading=\"lazy\" decoding=\"async\" width=\"300\" height=\"158\" src=\"https:\/\/mta83.com\/wp-content\/uploads\/2024\/06\/google-avis-client-300x158.webp\" alt=\"\" class=\"wp-image-441\" style=\"width:250px\" srcset=\"https:\/\/mta83.com\/wp-content\/uploads\/2024\/06\/google-avis-client-300x158.webp 300w, https:\/\/mta83.com\/wp-content\/uploads\/2024\/06\/google-avis-client-768x404.webp 768w, https:\/\/mta83.com\/wp-content\/uploads\/2024\/06\/google-avis-client-24x13.webp 24w, https:\/\/mta83.com\/wp-content\/uploads\/2024\/06\/google-avis-client-36x19.webp 36w, https:\/\/mta83.com\/wp-content\/uploads\/2024\/06\/google-avis-client-48x25.webp 48w, https:\/\/mta83.com\/wp-content\/uploads\/2024\/06\/google-avis-client.webp 1024w\" sizes=\"auto, (max-width: 300px) 100vw, 300px\" \/><\/a><\/figure>\n","protected":false},"excerpt":{"rendered":"<p>MTA effectue l\u2019entretien, la maintenance et le nettoyage de tous les \u00e9quipements chauffage et climatisation. Que l\u2019installation ait \u00e9t\u00e9 r\u00e9alis\u00e9e par MTA ou non, notre \u00e9quipe de professionnels interviendra rapidement. Nous proposons \u00e9galement des contrats de maintenance adapt\u00e9s \u00e0 vos \u00e9quipements. Nous intervenons sur tous syst\u00e8me de type split \/ console \/ gainable \/ cassette [&hellip;]<\/p>\n","protected":false},"author":1,"featured_media":0,"parent":0,"menu_order":0,"comment_status":"closed","ping_status":"closed","template":"","meta":{"footnotes":""},"class_list":["post-249","page","type-page","status-publish","hentry"],"_links":{"self":[{"href":"https:\/\/mta83.com\/index.php\/wp-json\/wp\/v2\/pages\/249","targetHints":{"allow":["GET"]}}],"collection":[{"href":"https:\/\/mta83.com\/index.php\/wp-json\/wp\/v2\/pages"}],"about":[{"href":"https:\/\/mta83.com\/index.php\/wp-json\/wp\/v2\/types\/page"}],"author":[{"embeddable":true,"href":"https:\/\/mta83.com\/index.php\/wp-json\/wp\/v2\/users\/1"}],"replies":[{"embeddable":true,"href":"https:\/\/mta83.com\/index.php\/wp-json\/wp\/v2\/comments?post=249"}],"version-history":[{"count":10,"href":"https:\/\/mta83.com\/index.php\/wp-json\/wp\/v2\/pages\/249\/revisions"}],"predecessor-version":[{"id":997,"href":"https:\/\/mta83.com\/index.php\/wp-json\/wp\/v2\/pages\/249\/revisions\/997"}],"wp:attachment":[{"href":"https:\/\/mta83.com\/index.php\/wp-json\/wp\/v2\/media?parent=249"}],"curies":[{"name":"wp","href":"https:\/\/api.w.org\/{rel}","templated":true}]}}