{"id":25,"date":"2024-05-22T14:57:15","date_gmt":"2024-05-22T12:57:15","guid":{"rendered":"http:\/\/mta83.com\/?page_id=25"},"modified":"2024-08-03T14:57:16","modified_gmt":"2024-08-03T12:57:16","slug":"climatisation-split","status":"publish","type":"page","link":"https:\/\/mta83.com\/index.php\/climatisation-split\/","title":{"rendered":"Climatisation Split"},"content":{"rendered":"\n<p>UNE SOLUTION ECONOMIQUE<\/p>\n\n\n<div id=\"metaslider-id-635\" style=\"width: 100%;\" class=\"ml-slider-3-91-0 metaslider metaslider-flex metaslider-635 ml-slider ms-theme-default nav-hidden\" role=\"region\" aria-roledescription=\"Slideshow\" aria-label=\"Split\">\n    <div id=\"metaslider_container_635\">\n        <div id=\"metaslider_635\">\n            <ul class='slides'>\n                <li style=\"display: block; width: 100%;\" class=\"slide-868 ms-image \" aria-roledescription=\"slide\" aria-label=\"slide-868\"><img loading=\"lazy\" decoding=\"async\" width=\"1440\" height=\"700\" src=\"https:\/\/mta83.com\/wp-content\/uploads\/2024\/07\/Split-1.jpg\" class=\"slider-635 slide-868\" alt=\"\" rel=\"\" title=\"Contemporary Living Room Interior\" style=\"margin: 0 auto; width: 88.163265306122%\" srcset=\"https:\/\/mta83.com\/wp-content\/uploads\/2024\/07\/Split-1.jpg 1440w, https:\/\/mta83.com\/wp-content\/uploads\/2024\/07\/Split-1-300x146.jpg 300w, https:\/\/mta83.com\/wp-content\/uploads\/2024\/07\/Split-1-1024x498.jpg 1024w, https:\/\/mta83.com\/wp-content\/uploads\/2024\/07\/Split-1-768x373.jpg 768w, https:\/\/mta83.com\/wp-content\/uploads\/2024\/07\/Split-1-24x12.jpg 24w, https:\/\/mta83.com\/wp-content\/uploads\/2024\/07\/Split-1-36x18.jpg 36w, https:\/\/mta83.com\/wp-content\/uploads\/2024\/07\/Split-1-48x23.jpg 48w\" sizes=\"auto, (max-width: 1440px) 100vw, 1440px\" \/><\/li>\n                <li style=\"display: none; width: 100%;\" class=\"slide-870 ms-image \" aria-roledescription=\"slide\" aria-label=\"slide-870\"><img loading=\"lazy\" decoding=\"async\" width=\"3840\" height=\"2160\" src=\"https:\/\/mta83.com\/wp-content\/uploads\/2024\/07\/Split.png\" class=\"slider-635 slide-870\" alt=\"\" rel=\"\" title=\"Split\" style=\"margin: 0 auto; width: 76.190476190476%\" srcset=\"https:\/\/mta83.com\/wp-content\/uploads\/2024\/07\/Split.png 3840w, https:\/\/mta83.com\/wp-content\/uploads\/2024\/07\/Split-300x169.png 300w, https:\/\/mta83.com\/wp-content\/uploads\/2024\/07\/Split-1024x576.png 1024w, https:\/\/mta83.com\/wp-content\/uploads\/2024\/07\/Split-768x432.png 768w, https:\/\/mta83.com\/wp-content\/uploads\/2024\/07\/Split-1536x864.png 1536w, https:\/\/mta83.com\/wp-content\/uploads\/2024\/07\/Split-2048x1152.png 2048w, https:\/\/mta83.com\/wp-content\/uploads\/2024\/07\/Split-24x14.png 24w, https:\/\/mta83.com\/wp-content\/uploads\/2024\/07\/Split-36x20.png 36w, https:\/\/mta83.com\/wp-content\/uploads\/2024\/07\/Split-48x27.png 48w\" sizes=\"auto, (max-width: 3840px) 100vw, 3840px\" \/><\/li>\n                <li style=\"display: none; width: 100%;\" class=\"slide-871 ms-image \" aria-roledescription=\"slide\" aria-label=\"slide-871\"><img loading=\"lazy\" decoding=\"async\" width=\"2560\" height=\"1707\" src=\"https:\/\/mta83.com\/wp-content\/uploads\/2024\/07\/Split-3-2-scaled.jpg\" class=\"slider-635 slide-871\" alt=\"\" rel=\"\" title=\"Split 3\" style=\"margin: 0 auto; width: 64.273160933969%\" srcset=\"https:\/\/mta83.com\/wp-content\/uploads\/2024\/07\/Split-3-2-scaled.jpg 2560w, https:\/\/mta83.com\/wp-content\/uploads\/2024\/07\/Split-3-2-300x200.jpg 300w, https:\/\/mta83.com\/wp-content\/uploads\/2024\/07\/Split-3-2-1024x683.jpg 1024w, https:\/\/mta83.com\/wp-content\/uploads\/2024\/07\/Split-3-2-768x512.jpg 768w, https:\/\/mta83.com\/wp-content\/uploads\/2024\/07\/Split-3-2-1536x1024.jpg 1536w, https:\/\/mta83.com\/wp-content\/uploads\/2024\/07\/Split-3-2-2048x1365.jpg 2048w, https:\/\/mta83.com\/wp-content\/uploads\/2024\/07\/Split-3-2-24x16.jpg 24w, https:\/\/mta83.com\/wp-content\/uploads\/2024\/07\/Split-3-2-36x24.jpg 36w, https:\/\/mta83.com\/wp-content\/uploads\/2024\/07\/Split-3-2-48x32.jpg 48w\" sizes=\"auto, (max-width: 2560px) 100vw, 2560px\" \/><\/li>\n                <li style=\"display: none; width: 100%;\" class=\"slide-869 ms-image \" aria-roledescription=\"slide\" aria-label=\"slide-869\"><img loading=\"lazy\" decoding=\"async\" width=\"1409\" height=\"781\" src=\"https:\/\/mta83.com\/wp-content\/uploads\/2024\/07\/Split-2-1.jpg\" class=\"slider-635 slide-869\" alt=\"\" rel=\"\" title=\"Split 2\" style=\"margin: 0 auto; width: 77.318456191696%\" srcset=\"https:\/\/mta83.com\/wp-content\/uploads\/2024\/07\/Split-2-1.jpg 1409w, https:\/\/mta83.com\/wp-content\/uploads\/2024\/07\/Split-2-1-300x166.jpg 300w, https:\/\/mta83.com\/wp-content\/uploads\/2024\/07\/Split-2-1-1024x568.jpg 1024w, https:\/\/mta83.com\/wp-content\/uploads\/2024\/07\/Split-2-1-768x426.jpg 768w, https:\/\/mta83.com\/wp-content\/uploads\/2024\/07\/Split-2-1-24x13.jpg 24w, https:\/\/mta83.com\/wp-content\/uploads\/2024\/07\/Split-2-1-36x20.jpg 36w, https:\/\/mta83.com\/wp-content\/uploads\/2024\/07\/Split-2-1-48x27.jpg 48w\" sizes=\"auto, (max-width: 1409px) 100vw, 1409px\" \/><\/li>\n            <\/ul>\n        <\/div>\n        \n    <\/div>\n<\/div>\n\n\n\n<p>La climatisation type split repr\u00e9sente une solution efficace pour r\u00e9duire votre consommation \u00e9lectrique, avec des \u00e9conomies allant jusqu\u2019\u00e0 60 % par rapport \u00e0 vos chauffages \u00e9lectriques actuels., jusqu\u2019\u00e0 60% de consommation en moins que vos chauffages \u00e9lectriques actuels. Silencieuse et discr\u00e8te, elle s\u2019adapte \u00e0 tout type de d\u00e9coration et emplacement. Sa large de gamme disponible chez chaque marque (\u00e9conomique, performance, design etc) permet de fonctionner jusqu\u2019\u00e0 -25\u00b0C en hiver\u00a0! Toutes ces machines sont issues d\u2019un proc\u00e9d\u00e9 \u00e9lectronique de r\u00e9gulation \u00ab\u00a0Inverter\u00a0\u00bb (Tr\u00e8s faible consommation car c\u2019est un moteur \u00e0 puissance variable) et r\u00e9versibles (pour le chauffage et la climatisation)<\/p>\n\n\n\n<div class=\"wp-block-buttons is-content-justification-right is-layout-flex wp-container-core-buttons-is-layout-d445cf74 wp-block-buttons-is-layout-flex\">\n<div class=\"wp-block-button\"><a class=\"wp-block-button__link wp-element-button\" href=\"https:\/\/mta83.com\/index.php\/contactez-nous\/\">Demander un devis<\/a><\/div>\n<\/div>\n\n\n\n<figure class=\"wp-block-pullquote\"><blockquote><p>Jusqu&#8217;\u00e0 60% de consommation en moins que vos chauffages \u00e9lectriques<\/p><\/blockquote><\/figure>\n\n\n\n<figure class=\"wp-block-image aligncenter size-medium is-resized\"><a href=\"https:\/\/www.google.com\/maps\/place\/MTA+Chauffage+-+Climatisation+-+Plomberie+%2F+Clim+-+PAC+-+chauffe+eau+thermodynamique+-+cumulus+-+Cave+%C3%A0+vin+-+Bateau+Yacht\/@43.2253812,6.135497,15z\/data=!4m18!1m9!3m8!1s0x12c93d3bc4df43ad:0x89409391f7e7d56c!2sMTA+Chauffage+-+Climatisation+-+Plomberie+%2F+Clim+-+PAC+-+chauffe+eau+thermodynamique+-+cumulus+-+Cave+%C3%A0+vin+-+Bateau+Yacht!8m2!3d43.2253812!4d6.135497!9m1!1b1!16s%2Fg%2F11fx8wvwl3!3m7!1s0x12c93d3bc4df43ad:0x89409391f7e7d56c!8m2!3d43.2253812!4d6.135497!9m1!1b1!16s%2Fg%2F11fx8wvwl3?entry=ttu\" target=\"_blank\" rel=\"noreferrer noopener\"><img loading=\"lazy\" decoding=\"async\" width=\"300\" height=\"158\" src=\"https:\/\/mta83.com\/wp-content\/uploads\/2024\/06\/google-avis-client-300x158.webp\" alt=\"\" class=\"wp-image-441\" style=\"width:250px\" srcset=\"https:\/\/mta83.com\/wp-content\/uploads\/2024\/06\/google-avis-client-300x158.webp 300w, https:\/\/mta83.com\/wp-content\/uploads\/2024\/06\/google-avis-client-768x404.webp 768w, https:\/\/mta83.com\/wp-content\/uploads\/2024\/06\/google-avis-client-24x13.webp 24w, https:\/\/mta83.com\/wp-content\/uploads\/2024\/06\/google-avis-client-36x19.webp 36w, https:\/\/mta83.com\/wp-content\/uploads\/2024\/06\/google-avis-client-48x25.webp 48w, https:\/\/mta83.com\/wp-content\/uploads\/2024\/06\/google-avis-client.webp 1024w\" sizes=\"auto, (max-width: 300px) 100vw, 300px\" \/><\/a><\/figure>\n","protected":false},"excerpt":{"rendered":"<p>UNE SOLUTION ECONOMIQUE La climatisation type split repr\u00e9sente une solution efficace pour r\u00e9duire votre consommation \u00e9lectrique, avec des \u00e9conomies allant jusqu\u2019\u00e0 60 % par rapport \u00e0 vos chauffages \u00e9lectriques actuels., jusqu\u2019\u00e0 60% de consommation en moins que vos chauffages \u00e9lectriques actuels. Silencieuse et discr\u00e8te, elle s\u2019adapte \u00e0 tout type de d\u00e9coration et emplacement. Sa large [&hellip;]<\/p>\n","protected":false},"author":1,"featured_media":0,"parent":0,"menu_order":0,"comment_status":"closed","ping_status":"closed","template":"","meta":{"footnotes":""},"class_list":["post-25","page","type-page","status-publish","hentry"],"_links":{"self":[{"href":"https:\/\/mta83.com\/index.php\/wp-json\/wp\/v2\/pages\/25","targetHints":{"allow":["GET"]}}],"collection":[{"href":"https:\/\/mta83.com\/index.php\/wp-json\/wp\/v2\/pages"}],"about":[{"href":"https:\/\/mta83.com\/index.php\/wp-json\/wp\/v2\/types\/page"}],"author":[{"embeddable":true,"href":"https:\/\/mta83.com\/index.php\/wp-json\/wp\/v2\/users\/1"}],"replies":[{"embeddable":true,"href":"https:\/\/mta83.com\/index.php\/wp-json\/wp\/v2\/comments?post=25"}],"version-history":[{"count":11,"href":"https:\/\/mta83.com\/index.php\/wp-json\/wp\/v2\/pages\/25\/revisions"}],"predecessor-version":[{"id":975,"href":"https:\/\/mta83.com\/index.php\/wp-json\/wp\/v2\/pages\/25\/revisions\/975"}],"wp:attachment":[{"href":"https:\/\/mta83.com\/index.php\/wp-json\/wp\/v2\/media?parent=25"}],"curies":[{"name":"wp","href":"https:\/\/api.w.org\/{rel}","templated":true}]}}