{"id":26,"date":"2024-05-22T14:57:15","date_gmt":"2024-05-22T12:57:15","guid":{"rendered":"http:\/\/mta83.com\/?page_id=26"},"modified":"2024-08-03T15:01:54","modified_gmt":"2024-08-03T13:01:54","slug":"console-plafonnier","status":"publish","type":"page","link":"https:\/\/mta83.com\/index.php\/console-plafonnier\/","title":{"rendered":"Console \/ Plafonnier"},"content":{"rendered":"\n<p>UNE SOLUTION ECONOMIQUE ET DESIGN<\/p>\n\n\n<div id=\"metaslider-id-644\" style=\"width: 100%;\" class=\"ml-slider-3-91-0 metaslider metaslider-flex metaslider-644 ml-slider ms-theme-default nav-hidden\" role=\"region\" aria-roledescription=\"Slideshow\" aria-label=\"Plafonnier\">\n    <div id=\"metaslider_container_644\">\n        <div id=\"metaslider_644\">\n            <ul class='slides'>\n                <li style=\"display: block; width: 100%;\" class=\"slide-877 ms-image \" aria-roledescription=\"slide\" aria-label=\"slide-877\"><img loading=\"lazy\" decoding=\"async\" width=\"1440\" height=\"600\" src=\"https:\/\/mta83.com\/wp-content\/uploads\/2024\/07\/Console-3.jpg\" class=\"slider-644 slide-877\" alt=\"\" rel=\"\" title=\"Console\" style=\"margin-top: 0.59523809523809%\" srcset=\"https:\/\/mta83.com\/wp-content\/uploads\/2024\/07\/Console-3.jpg 1440w, https:\/\/mta83.com\/wp-content\/uploads\/2024\/07\/Console-3-300x125.jpg 300w, https:\/\/mta83.com\/wp-content\/uploads\/2024\/07\/Console-3-1024x427.jpg 1024w, https:\/\/mta83.com\/wp-content\/uploads\/2024\/07\/Console-3-768x320.jpg 768w, https:\/\/mta83.com\/wp-content\/uploads\/2024\/07\/Console-3-24x10.jpg 24w, https:\/\/mta83.com\/wp-content\/uploads\/2024\/07\/Console-3-36x15.jpg 36w, https:\/\/mta83.com\/wp-content\/uploads\/2024\/07\/Console-3-48x20.jpg 48w\" sizes=\"auto, (max-width: 1440px) 100vw, 1440px\" \/><\/li>\n                <li style=\"display: none; width: 100%;\" class=\"slide-876 ms-image \" aria-roledescription=\"slide\" aria-label=\"slide-876\"><img loading=\"lazy\" decoding=\"async\" width=\"1440\" height=\"600\" src=\"https:\/\/mta83.com\/wp-content\/uploads\/2024\/07\/Console-2-1.jpg\" class=\"slider-644 slide-876\" alt=\"\" rel=\"\" title=\"Console 2\" style=\"margin-top: 0.59523809523809%\" srcset=\"https:\/\/mta83.com\/wp-content\/uploads\/2024\/07\/Console-2-1.jpg 1440w, https:\/\/mta83.com\/wp-content\/uploads\/2024\/07\/Console-2-1-300x125.jpg 300w, https:\/\/mta83.com\/wp-content\/uploads\/2024\/07\/Console-2-1-1024x427.jpg 1024w, https:\/\/mta83.com\/wp-content\/uploads\/2024\/07\/Console-2-1-768x320.jpg 768w, https:\/\/mta83.com\/wp-content\/uploads\/2024\/07\/Console-2-1-24x10.jpg 24w, https:\/\/mta83.com\/wp-content\/uploads\/2024\/07\/Console-2-1-36x15.jpg 36w, https:\/\/mta83.com\/wp-content\/uploads\/2024\/07\/Console-2-1-48x20.jpg 48w\" sizes=\"auto, (max-width: 1440px) 100vw, 1440px\" \/><\/li>\n                <li style=\"display: none; width: 100%;\" class=\"slide-875 ms-image \" aria-roledescription=\"slide\" aria-label=\"slide-875\"><img loading=\"lazy\" decoding=\"async\" width=\"1440\" height=\"600\" src=\"https:\/\/mta83.com\/wp-content\/uploads\/2024\/07\/Console-1.jpg\" class=\"slider-644 slide-875\" alt=\"\" rel=\"\" title=\"Console 1\" style=\"margin-top: 0.59523809523809%\" srcset=\"https:\/\/mta83.com\/wp-content\/uploads\/2024\/07\/Console-1.jpg 1440w, https:\/\/mta83.com\/wp-content\/uploads\/2024\/07\/Console-1-300x125.jpg 300w, https:\/\/mta83.com\/wp-content\/uploads\/2024\/07\/Console-1-1024x427.jpg 1024w, https:\/\/mta83.com\/wp-content\/uploads\/2024\/07\/Console-1-768x320.jpg 768w, https:\/\/mta83.com\/wp-content\/uploads\/2024\/07\/Console-1-24x10.jpg 24w, https:\/\/mta83.com\/wp-content\/uploads\/2024\/07\/Console-1-36x15.jpg 36w, https:\/\/mta83.com\/wp-content\/uploads\/2024\/07\/Console-1-48x20.jpg 48w\" sizes=\"auto, (max-width: 1440px) 100vw, 1440px\" \/><\/li>\n                <li style=\"display: none; width: 100%;\" class=\"slide-651 ms-image \" aria-roledescription=\"slide\" aria-label=\"slide-651\"><img loading=\"lazy\" decoding=\"async\" width=\"762\" height=\"429\" src=\"https:\/\/mta83.com\/wp-content\/uploads\/2024\/07\/plafonnier.png\" class=\"slider-644 slide-651\" alt=\"\" rel=\"\" title=\"plafonnier\" style=\"margin: 0 auto; width: 76.123876123876%\" srcset=\"https:\/\/mta83.com\/wp-content\/uploads\/2024\/07\/plafonnier.png 762w, https:\/\/mta83.com\/wp-content\/uploads\/2024\/07\/plafonnier-300x169.png 300w, https:\/\/mta83.com\/wp-content\/uploads\/2024\/07\/plafonnier-24x14.png 24w, https:\/\/mta83.com\/wp-content\/uploads\/2024\/07\/plafonnier-36x20.png 36w, https:\/\/mta83.com\/wp-content\/uploads\/2024\/07\/plafonnier-48x27.png 48w\" sizes=\"auto, (max-width: 762px) 100vw, 762px\" \/><\/li>\n                <li style=\"display: none; width: 100%;\" class=\"slide-652 ms-image \" aria-roledescription=\"slide\" aria-label=\"slide-652\"><img loading=\"lazy\" decoding=\"async\" width=\"912\" height=\"513\" src=\"https:\/\/mta83.com\/wp-content\/uploads\/2024\/07\/plafonnier2.png\" class=\"slider-644 slide-652\" alt=\"\" rel=\"\" title=\"plafonnier2\" style=\"margin: 0 auto; width: 76.190476190476%\" srcset=\"https:\/\/mta83.com\/wp-content\/uploads\/2024\/07\/plafonnier2.png 912w, https:\/\/mta83.com\/wp-content\/uploads\/2024\/07\/plafonnier2-300x169.png 300w, https:\/\/mta83.com\/wp-content\/uploads\/2024\/07\/plafonnier2-768x432.png 768w, https:\/\/mta83.com\/wp-content\/uploads\/2024\/07\/plafonnier2-24x14.png 24w, https:\/\/mta83.com\/wp-content\/uploads\/2024\/07\/plafonnier2-36x20.png 36w, https:\/\/mta83.com\/wp-content\/uploads\/2024\/07\/plafonnier2-48x27.png 48w\" sizes=\"auto, (max-width: 912px) 100vw, 912px\" \/><\/li>\n                <li style=\"display: none; width: 100%;\" class=\"slide-899 ms-image \" aria-roledescription=\"slide\" aria-label=\"slide-899\"><img loading=\"lazy\" decoding=\"async\" width=\"1200\" height=\"1600\" src=\"https:\/\/mta83.com\/wp-content\/uploads\/2024\/07\/Cassette-1.jpg\" class=\"slider-644 slide-899\" alt=\"\" rel=\"\" title=\"Cassette 1\" style=\"margin: 0 auto; width: 32.142857142857%\" srcset=\"https:\/\/mta83.com\/wp-content\/uploads\/2024\/07\/Cassette-1.jpg 1200w, https:\/\/mta83.com\/wp-content\/uploads\/2024\/07\/Cassette-1-225x300.jpg 225w, https:\/\/mta83.com\/wp-content\/uploads\/2024\/07\/Cassette-1-768x1024.jpg 768w, https:\/\/mta83.com\/wp-content\/uploads\/2024\/07\/Cassette-1-1152x1536.jpg 1152w, https:\/\/mta83.com\/wp-content\/uploads\/2024\/07\/Cassette-1-18x24.jpg 18w, https:\/\/mta83.com\/wp-content\/uploads\/2024\/07\/Cassette-1-27x36.jpg 27w, https:\/\/mta83.com\/wp-content\/uploads\/2024\/07\/Cassette-1-36x48.jpg 36w\" sizes=\"auto, (max-width: 1200px) 100vw, 1200px\" \/><\/li>\n            <\/ul>\n        <\/div>\n        \n    <\/div>\n<\/div>\n\n\n\n<h2 class=\"wp-block-heading\">Console<\/h2>\n\n\n\n<div class=\"wp-block-media-text alignwide is-stacked-on-mobile\"><figure class=\"wp-block-media-text__media\"><img loading=\"lazy\" decoding=\"async\" width=\"672\" height=\"280\" src=\"http:\/\/mta83.com\/wp-content\/uploads\/2024\/06\/console.jpg\" alt=\"\" class=\"wp-image-290 size-full\" srcset=\"https:\/\/mta83.com\/wp-content\/uploads\/2024\/06\/console.jpg 672w, https:\/\/mta83.com\/wp-content\/uploads\/2024\/06\/console-300x125.jpg 300w, https:\/\/mta83.com\/wp-content\/uploads\/2024\/06\/console-24x10.jpg 24w, https:\/\/mta83.com\/wp-content\/uploads\/2024\/06\/console-36x15.jpg 36w, https:\/\/mta83.com\/wp-content\/uploads\/2024\/06\/console-48x20.jpg 48w\" sizes=\"auto, (max-width: 672px) 100vw, 672px\" \/><\/figure><div class=\"wp-block-media-text__content\">\n<p><br><strong><br>La climatisation type console<\/strong>\u00a0est un r\u00e9el gain de consommation \u00e9lectrique, jusqu\u2019\u00e0 60% de consommation en moins que vos chauffages \u00e9lectriques actuels. Silencieuse et discr\u00e8te, elle s\u2019adapte \u00e0 tout type de d\u00e9coration et emplacement. Elle est g\u00e9n\u00e9ralement plac\u00e9e sous les fen\u00eatres en remplacement d\u2019un radiateur. Sa large de gamme disponible chez chaque \u00f9arque (economique, performance, design etc) permet de fonctionner jusqu\u2019\u00e0 -25\u00b0C en hiver\u00a0! Toutes ces machines sont issues d\u2019un proc\u00e9d\u00e9 \u00e9lectronique de r\u00e9gulation \u00ab\u00a0Inverter\u00a0\u00bb (Tr\u00e8s faible consommation car c\u2019est un moteur<br>\u00e0 puissance variable) et r\u00e9versibles (pour le chauffage et la climatisation).<\/p>\n<\/div><\/div>\n\n\n\n<div style=\"height:100px\" aria-hidden=\"true\" class=\"wp-block-spacer\"><\/div>\n\n\n\n<h2 class=\"wp-block-heading\">Plafonnier<\/h2>\n\n\n\n<div class=\"wp-block-media-text alignwide has-media-on-the-right is-stacked-on-mobile\"><div class=\"wp-block-media-text__content\">\n<p><strong>La climatisation type cassette<\/strong> est parfaite pour des locaux commerciaux. Elle s\u2019adapte parfaitement dans un faux- plafond avec sa taille 600\u00d7600. Elle peut \u00e9galement s\u2019installer chez un particulier, son principal avantage est de pouvoir pulser l\u2019air sur 4 zones, elle est \u00e9galement un r\u00e9el gain de consommation \u00e9lectrique, jusqu\u2019\u00e0 60% de consommation en moins que vos chauffages \u00e9lectriques actuel. Silencieux et discr\u00e8te. Sa large de gamme disponible chez chaque marque (\u00e9conomique, performance, design etc) permet de fonctionner jusqu\u2019\u00e0 -25\u00b0C en hiver ! Toutes ses machines sont issues d\u2019un proc\u00e9d\u00e9 \u00e9lectronique de r\u00e9gulation Inverter (Tr\u00e8s faible consommation car c\u2019est un moteur \u00e0 puissance variable) et R\u00e9versible (Pour le chauffage et la climatisation).<\/p>\n<\/div><figure class=\"wp-block-media-text__media\"><img loading=\"lazy\" decoding=\"async\" width=\"762\" height=\"429\" src=\"http:\/\/mta83.com\/wp-content\/uploads\/2024\/05\/plafonnier-2.png\" alt=\"\" class=\"wp-image-157 size-full\" srcset=\"https:\/\/mta83.com\/wp-content\/uploads\/2024\/05\/plafonnier-2.png 762w, https:\/\/mta83.com\/wp-content\/uploads\/2024\/05\/plafonnier-2-300x169.png 300w\" sizes=\"auto, (max-width: 762px) 100vw, 762px\" \/><\/figure><\/div>\n\n\n\n<div class=\"wp-block-buttons is-content-justification-right is-layout-flex wp-container-core-buttons-is-layout-d445cf74 wp-block-buttons-is-layout-flex\">\n<div class=\"wp-block-button\"><a class=\"wp-block-button__link wp-element-button\" href=\"https:\/\/mta83.com\/index.php\/contactez-nous\/\">Demander un devis<\/a><\/div>\n<\/div>\n\n\n\n<figure class=\"wp-block-image aligncenter size-medium is-resized\"><a href=\"https:\/\/www.google.com\/maps\/place\/MTA+Chauffage+-+Climatisation+-+Plomberie+%2F+Clim+-+PAC+-+chauffe+eau+thermodynamique+-+cumulus+-+Cave+%C3%A0+vin+-+Bateau+Yacht\/@43.2253812,6.135497,15z\/data=!4m18!1m9!3m8!1s0x12c93d3bc4df43ad:0x89409391f7e7d56c!2sMTA+Chauffage+-+Climatisation+-+Plomberie+%2F+Clim+-+PAC+-+chauffe+eau+thermodynamique+-+cumulus+-+Cave+%C3%A0+vin+-+Bateau+Yacht!8m2!3d43.2253812!4d6.135497!9m1!1b1!16s%2Fg%2F11fx8wvwl3!3m7!1s0x12c93d3bc4df43ad:0x89409391f7e7d56c!8m2!3d43.2253812!4d6.135497!9m1!1b1!16s%2Fg%2F11fx8wvwl3?entry=ttu\" target=\"_blank\" rel=\"noreferrer noopener\"><img loading=\"lazy\" decoding=\"async\" width=\"300\" height=\"158\" src=\"https:\/\/mta83.com\/wp-content\/uploads\/2024\/06\/google-avis-client-300x158.webp\" alt=\"\" class=\"wp-image-441\" style=\"width:250px\" srcset=\"https:\/\/mta83.com\/wp-content\/uploads\/2024\/06\/google-avis-client-300x158.webp 300w, https:\/\/mta83.com\/wp-content\/uploads\/2024\/06\/google-avis-client-768x404.webp 768w, https:\/\/mta83.com\/wp-content\/uploads\/2024\/06\/google-avis-client-24x13.webp 24w, https:\/\/mta83.com\/wp-content\/uploads\/2024\/06\/google-avis-client-36x19.webp 36w, https:\/\/mta83.com\/wp-content\/uploads\/2024\/06\/google-avis-client-48x25.webp 48w, https:\/\/mta83.com\/wp-content\/uploads\/2024\/06\/google-avis-client.webp 1024w\" sizes=\"auto, (max-width: 300px) 100vw, 300px\" \/><\/a><\/figure>\n","protected":false},"excerpt":{"rendered":"<p>UNE SOLUTION ECONOMIQUE ET DESIGN Console La climatisation type console\u00a0est un r\u00e9el gain de consommation \u00e9lectrique, jusqu\u2019\u00e0 60% de consommation en moins que vos chauffages \u00e9lectriques actuels. Silencieuse et discr\u00e8te, elle s\u2019adapte \u00e0 tout type de d\u00e9coration et emplacement. Elle est g\u00e9n\u00e9ralement plac\u00e9e sous les fen\u00eatres en remplacement d\u2019un radiateur. Sa large de gamme disponible [&hellip;]<\/p>\n","protected":false},"author":1,"featured_media":0,"parent":0,"menu_order":0,"comment_status":"closed","ping_status":"closed","template":"","meta":{"footnotes":""},"class_list":["post-26","page","type-page","status-publish","hentry"],"_links":{"self":[{"href":"https:\/\/mta83.com\/index.php\/wp-json\/wp\/v2\/pages\/26","targetHints":{"allow":["GET"]}}],"collection":[{"href":"https:\/\/mta83.com\/index.php\/wp-json\/wp\/v2\/pages"}],"about":[{"href":"https:\/\/mta83.com\/index.php\/wp-json\/wp\/v2\/types\/page"}],"author":[{"embeddable":true,"href":"https:\/\/mta83.com\/index.php\/wp-json\/wp\/v2\/users\/1"}],"replies":[{"embeddable":true,"href":"https:\/\/mta83.com\/index.php\/wp-json\/wp\/v2\/comments?post=26"}],"version-history":[{"count":15,"href":"https:\/\/mta83.com\/index.php\/wp-json\/wp\/v2\/pages\/26\/revisions"}],"predecessor-version":[{"id":977,"href":"https:\/\/mta83.com\/index.php\/wp-json\/wp\/v2\/pages\/26\/revisions\/977"}],"wp:attachment":[{"href":"https:\/\/mta83.com\/index.php\/wp-json\/wp\/v2\/media?parent=26"}],"curies":[{"name":"wp","href":"https:\/\/api.w.org\/{rel}","templated":true}]}}