{"id":42,"date":"2024-05-22T15:00:08","date_gmt":"2024-05-22T13:00:08","guid":{"rendered":"http:\/\/mta83.com\/?page_id=42"},"modified":"2024-08-03T15:14:24","modified_gmt":"2024-08-03T13:14:24","slug":"chauffe-eau-cumulus","status":"publish","type":"page","link":"https:\/\/mta83.com\/index.php\/chauffe-eau-cumulus\/","title":{"rendered":"Cumulus \/ ballon d&#8217;eau chaude"},"content":{"rendered":"\n<p><strong>Des chauffe-eaux pour tous les budgets et les espaces<\/strong><\/p>\n\n\n<div id=\"metaslider-id-692\" style=\"width: 100%;\" class=\"ml-slider-3-91-0 metaslider metaslider-flex metaslider-692 ml-slider ms-theme-default nav-hidden\" role=\"region\" aria-roledescription=\"Slideshow\" aria-label=\"Cumulus\">\n    <div id=\"metaslider_container_692\">\n        <div id=\"metaslider_692\">\n            <ul class='slides'>\n                <li style=\"display: block; width: 100%;\" class=\"slide-695 ms-image \" aria-roledescription=\"slide\" aria-label=\"slide-695\"><img loading=\"lazy\" decoding=\"async\" width=\"860\" height=\"544\" src=\"https:\/\/mta83.com\/wp-content\/uploads\/2024\/07\/cumulus.jpg\" class=\"slider-692 slide-695\" alt=\"\" rel=\"\" title=\"cumulus\" style=\"margin: 0 auto; width: 67.752100840336%\" srcset=\"https:\/\/mta83.com\/wp-content\/uploads\/2024\/07\/cumulus.jpg 860w, https:\/\/mta83.com\/wp-content\/uploads\/2024\/07\/cumulus-300x190.jpg 300w, https:\/\/mta83.com\/wp-content\/uploads\/2024\/07\/cumulus-768x486.jpg 768w, https:\/\/mta83.com\/wp-content\/uploads\/2024\/07\/cumulus-24x15.jpg 24w, https:\/\/mta83.com\/wp-content\/uploads\/2024\/07\/cumulus-36x23.jpg 36w, https:\/\/mta83.com\/wp-content\/uploads\/2024\/07\/cumulus-48x30.jpg 48w\" sizes=\"auto, (max-width: 860px) 100vw, 860px\" \/><\/li>\n                <li style=\"display: none; width: 100%;\" class=\"slide-696 ms-image \" aria-roledescription=\"slide\" aria-label=\"slide-696\"><img loading=\"lazy\" decoding=\"async\" width=\"1159\" height=\"734\" src=\"https:\/\/mta83.com\/wp-content\/uploads\/2024\/07\/cumulus2.jpg\" class=\"slider-692 slide-696\" alt=\"\" rel=\"\" title=\"cumulus2\" style=\"margin: 0 auto; width: 67.672246010121%\" srcset=\"https:\/\/mta83.com\/wp-content\/uploads\/2024\/07\/cumulus2.jpg 1159w, https:\/\/mta83.com\/wp-content\/uploads\/2024\/07\/cumulus2-300x190.jpg 300w, https:\/\/mta83.com\/wp-content\/uploads\/2024\/07\/cumulus2-1024x649.jpg 1024w, https:\/\/mta83.com\/wp-content\/uploads\/2024\/07\/cumulus2-768x486.jpg 768w, https:\/\/mta83.com\/wp-content\/uploads\/2024\/07\/cumulus2-24x15.jpg 24w, https:\/\/mta83.com\/wp-content\/uploads\/2024\/07\/cumulus2-36x23.jpg 36w, https:\/\/mta83.com\/wp-content\/uploads\/2024\/07\/cumulus2-48x30.jpg 48w\" sizes=\"auto, (max-width: 1159px) 100vw, 1159px\" \/><\/li>\n            <\/ul>\n        <\/div>\n        \n    <\/div>\n<\/div>\n\n\n\n<p>La large gamme de chauffe-eaux Atlantic permet des installations dans les plus petits recoins comme des installations avec des cuves et gestions \u00e9lectronique tr\u00e8s performantes. Les produits sont divers et adapt\u00e9s \u00e0 chacun de vos logements.<\/p>\n\n\n\n<div class=\"wp-block-buttons is-content-justification-right is-layout-flex wp-container-core-buttons-is-layout-d445cf74 wp-block-buttons-is-layout-flex\">\n<div class=\"wp-block-button\"><a class=\"wp-block-button__link wp-element-button\">Demander un devis<\/a><\/div>\n<\/div>\n\n\n\n<div style=\"height:100px\" aria-hidden=\"true\" class=\"wp-block-spacer\"><\/div>\n\n\n\n<figure class=\"wp-block-image aligncenter size-medium is-resized\"><a href=\"https:\/\/www.google.com\/maps\/place\/MTA+Chauffage+-+Climatisation+-+Plomberie+%2F+Clim+-+PAC+-+chauffe+eau+thermodynamique+-+cumulus+-+Cave+%C3%A0+vin+-+Bateau+Yacht\/@43.2253812,6.135497,15z\/data=!4m18!1m9!3m8!1s0x12c93d3bc4df43ad:0x89409391f7e7d56c!2sMTA+Chauffage+-+Climatisation+-+Plomberie+%2F+Clim+-+PAC+-+chauffe+eau+thermodynamique+-+cumulus+-+Cave+%C3%A0+vin+-+Bateau+Yacht!8m2!3d43.2253812!4d6.135497!9m1!1b1!16s%2Fg%2F11fx8wvwl3!3m7!1s0x12c93d3bc4df43ad:0x89409391f7e7d56c!8m2!3d43.2253812!4d6.135497!9m1!1b1!16s%2Fg%2F11fx8wvwl3?entry=ttu\" target=\"_blank\" rel=\"noreferrer noopener\"><img loading=\"lazy\" decoding=\"async\" width=\"300\" height=\"158\" src=\"https:\/\/mta83.com\/wp-content\/uploads\/2024\/06\/google-avis-client-300x158.webp\" alt=\"\" class=\"wp-image-441\" style=\"width:250px\" srcset=\"https:\/\/mta83.com\/wp-content\/uploads\/2024\/06\/google-avis-client-300x158.webp 300w, https:\/\/mta83.com\/wp-content\/uploads\/2024\/06\/google-avis-client-768x404.webp 768w, https:\/\/mta83.com\/wp-content\/uploads\/2024\/06\/google-avis-client-24x13.webp 24w, https:\/\/mta83.com\/wp-content\/uploads\/2024\/06\/google-avis-client-36x19.webp 36w, https:\/\/mta83.com\/wp-content\/uploads\/2024\/06\/google-avis-client-48x25.webp 48w, https:\/\/mta83.com\/wp-content\/uploads\/2024\/06\/google-avis-client.webp 1024w\" sizes=\"auto, (max-width: 300px) 100vw, 300px\" \/><\/a><\/figure>\n","protected":false},"excerpt":{"rendered":"<p>Des chauffe-eaux pour tous les budgets et les espaces La large gamme de chauffe-eaux Atlantic permet des installations dans les plus petits recoins comme des installations avec des cuves et gestions \u00e9lectronique tr\u00e8s performantes. Les produits sont divers et adapt\u00e9s \u00e0 chacun de vos logements.<\/p>\n","protected":false},"author":1,"featured_media":0,"parent":0,"menu_order":0,"comment_status":"closed","ping_status":"closed","template":"","meta":{"footnotes":""},"class_list":["post-42","page","type-page","status-publish","hentry"],"_links":{"self":[{"href":"https:\/\/mta83.com\/index.php\/wp-json\/wp\/v2\/pages\/42","targetHints":{"allow":["GET"]}}],"collection":[{"href":"https:\/\/mta83.com\/index.php\/wp-json\/wp\/v2\/pages"}],"about":[{"href":"https:\/\/mta83.com\/index.php\/wp-json\/wp\/v2\/types\/page"}],"author":[{"embeddable":true,"href":"https:\/\/mta83.com\/index.php\/wp-json\/wp\/v2\/users\/1"}],"replies":[{"embeddable":true,"href":"https:\/\/mta83.com\/index.php\/wp-json\/wp\/v2\/comments?post=42"}],"version-history":[{"count":13,"href":"https:\/\/mta83.com\/index.php\/wp-json\/wp\/v2\/pages\/42\/revisions"}],"predecessor-version":[{"id":987,"href":"https:\/\/mta83.com\/index.php\/wp-json\/wp\/v2\/pages\/42\/revisions\/987"}],"wp:attachment":[{"href":"https:\/\/mta83.com\/index.php\/wp-json\/wp\/v2\/media?parent=42"}],"curies":[{"name":"wp","href":"https:\/\/api.w.org\/{rel}","templated":true}]}}