{"id":43,"date":"2024-05-22T15:00:08","date_gmt":"2024-05-22T13:00:08","guid":{"rendered":"http:\/\/mta83.com\/?page_id=43"},"modified":"2024-08-03T15:15:44","modified_gmt":"2024-08-03T13:15:44","slug":"adoucisseur","status":"publish","type":"page","link":"https:\/\/mta83.com\/index.php\/adoucisseur\/","title":{"rendered":"Adoucisseur"},"content":{"rendered":"\n<p><strong>Une eau plus saine<\/strong><\/p>\n\n\n<div id=\"metaslider-id-811\" style=\"width: 100%; margin: 0 auto;\" class=\"ml-slider-3-91-0 metaslider metaslider-flex metaslider-811 ml-slider ms-theme-default nav-hidden\" role=\"region\" aria-roledescription=\"Slideshow\" aria-label=\"Adoucisseur\">\n    <div id=\"metaslider_container_811\">\n        <div id=\"metaslider_811\">\n            <ul class='slides'>\n                <li style=\"display: block; width: 100%;\" class=\"slide-814 ms-image \" aria-roledescription=\"slide\" aria-label=\"slide-814\"><img loading=\"lazy\" decoding=\"async\" width=\"316\" height=\"362\" src=\"https:\/\/mta83.com\/wp-content\/uploads\/2024\/07\/adoucisseur.jpg\" class=\"slider-811 slide-814\" alt=\"\" rel=\"\" title=\"adoucisseur\" style=\"margin: 0 auto; width: 37.411207576953%\" srcset=\"https:\/\/mta83.com\/wp-content\/uploads\/2024\/07\/adoucisseur.jpg 316w, https:\/\/mta83.com\/wp-content\/uploads\/2024\/07\/adoucisseur-262x300.jpg 262w, https:\/\/mta83.com\/wp-content\/uploads\/2024\/07\/adoucisseur-21x24.jpg 21w, https:\/\/mta83.com\/wp-content\/uploads\/2024\/07\/adoucisseur-31x36.jpg 31w, https:\/\/mta83.com\/wp-content\/uploads\/2024\/07\/adoucisseur-42x48.jpg 42w\" sizes=\"auto, (max-width: 316px) 100vw, 316px\" \/><\/li>\n                <li style=\"display: none; width: 100%;\" class=\"slide-815 ms-image \" aria-roledescription=\"slide\" aria-label=\"slide-815\"><img loading=\"lazy\" decoding=\"async\" width=\"634\" height=\"356\" src=\"https:\/\/mta83.com\/wp-content\/uploads\/2024\/07\/ecs4-1.png\" class=\"slider-811 slide-815\" alt=\"\" rel=\"\" title=\"ecs4\" style=\"margin: 0 auto; width: 76.324237560193%\" srcset=\"https:\/\/mta83.com\/wp-content\/uploads\/2024\/07\/ecs4-1.png 634w, https:\/\/mta83.com\/wp-content\/uploads\/2024\/07\/ecs4-1-300x168.png 300w, https:\/\/mta83.com\/wp-content\/uploads\/2024\/07\/ecs4-1-24x13.png 24w, https:\/\/mta83.com\/wp-content\/uploads\/2024\/07\/ecs4-1-36x20.png 36w, https:\/\/mta83.com\/wp-content\/uploads\/2024\/07\/ecs4-1-48x27.png 48w\" sizes=\"auto, (max-width: 634px) 100vw, 634px\" \/><\/li>\n            <\/ul>\n        <\/div>\n        \n    <\/div>\n<\/div>\n\n\n\n<p>Les adoucisseurs se pr\u00e9sentent sous diff\u00e9rentes tailles, la dimension est choisie en fonction du volume utilis\u00e9 (m3). Ils concernent aussi bien les particuliers que les professionnels. L\u2019adoucisseur peut \u00eatre avec bac \u00e0 sel s\u00e9par\u00e9 ou non, mais aussi t\u00eate m\u00e9canique ou \u00e9lectronique. Celui-ci r\u00e9duira consid\u00e9rablement le tartre pr\u00e9sent dans vos habitations et locaux.<\/p>\n\n\n\n<div class=\"wp-block-buttons is-content-justification-right is-layout-flex wp-container-core-buttons-is-layout-d445cf74 wp-block-buttons-is-layout-flex\">\n<div class=\"wp-block-button\"><a class=\"wp-block-button__link wp-element-button\" href=\"https:\/\/mta83.com\/index.php\/contactez-nous\/\">Demander un devis<\/a><\/div>\n<\/div>\n\n\n\n<figure class=\"wp-block-pullquote\"><blockquote><p>Bien r\u00e9gl\u00e9 et entretenu, il vous prot\u00e9gera \u00e9galement des surconsommations dues au tartre dans votre chauffe-eau.<\/p><\/blockquote><\/figure>\n\n\n\n<figure class=\"wp-block-image aligncenter size-medium is-resized\"><a href=\"https:\/\/www.google.com\/maps\/place\/MTA+Chauffage+-+Climatisation+-+Plomberie+%2F+Clim+-+PAC+-+chauffe+eau+thermodynamique+-+cumulus+-+Cave+%C3%A0+vin+-+Bateau+Yacht\/@43.2253812,6.135497,15z\/data=!4m18!1m9!3m8!1s0x12c93d3bc4df43ad:0x89409391f7e7d56c!2sMTA+Chauffage+-+Climatisation+-+Plomberie+%2F+Clim+-+PAC+-+chauffe+eau+thermodynamique+-+cumulus+-+Cave+%C3%A0+vin+-+Bateau+Yacht!8m2!3d43.2253812!4d6.135497!9m1!1b1!16s%2Fg%2F11fx8wvwl3!3m7!1s0x12c93d3bc4df43ad:0x89409391f7e7d56c!8m2!3d43.2253812!4d6.135497!9m1!1b1!16s%2Fg%2F11fx8wvwl3?entry=ttu\" target=\"_blank\" rel=\"noreferrer noopener\"><img loading=\"lazy\" decoding=\"async\" width=\"300\" height=\"158\" src=\"https:\/\/mta83.com\/wp-content\/uploads\/2024\/06\/google-avis-client-300x158.webp\" alt=\"\" class=\"wp-image-441\" style=\"width:250px\" srcset=\"https:\/\/mta83.com\/wp-content\/uploads\/2024\/06\/google-avis-client-300x158.webp 300w, https:\/\/mta83.com\/wp-content\/uploads\/2024\/06\/google-avis-client-768x404.webp 768w, https:\/\/mta83.com\/wp-content\/uploads\/2024\/06\/google-avis-client-24x13.webp 24w, https:\/\/mta83.com\/wp-content\/uploads\/2024\/06\/google-avis-client-36x19.webp 36w, https:\/\/mta83.com\/wp-content\/uploads\/2024\/06\/google-avis-client-48x25.webp 48w, https:\/\/mta83.com\/wp-content\/uploads\/2024\/06\/google-avis-client.webp 1024w\" sizes=\"auto, (max-width: 300px) 100vw, 300px\" \/><\/a><\/figure>\n","protected":false},"excerpt":{"rendered":"<p>Une eau plus saine Les adoucisseurs se pr\u00e9sentent sous diff\u00e9rentes tailles, la dimension est choisie en fonction du volume utilis\u00e9 (m3). Ils concernent aussi bien les particuliers que les professionnels. L\u2019adoucisseur peut \u00eatre avec bac \u00e0 sel s\u00e9par\u00e9 ou non, mais aussi t\u00eate m\u00e9canique ou \u00e9lectronique. Celui-ci r\u00e9duira consid\u00e9rablement le tartre pr\u00e9sent dans vos habitations [&hellip;]<\/p>\n","protected":false},"author":1,"featured_media":0,"parent":0,"menu_order":0,"comment_status":"closed","ping_status":"closed","template":"","meta":{"footnotes":""},"class_list":["post-43","page","type-page","status-publish","hentry"],"_links":{"self":[{"href":"https:\/\/mta83.com\/index.php\/wp-json\/wp\/v2\/pages\/43","targetHints":{"allow":["GET"]}}],"collection":[{"href":"https:\/\/mta83.com\/index.php\/wp-json\/wp\/v2\/pages"}],"about":[{"href":"https:\/\/mta83.com\/index.php\/wp-json\/wp\/v2\/types\/page"}],"author":[{"embeddable":true,"href":"https:\/\/mta83.com\/index.php\/wp-json\/wp\/v2\/users\/1"}],"replies":[{"embeddable":true,"href":"https:\/\/mta83.com\/index.php\/wp-json\/wp\/v2\/comments?post=43"}],"version-history":[{"count":10,"href":"https:\/\/mta83.com\/index.php\/wp-json\/wp\/v2\/pages\/43\/revisions"}],"predecessor-version":[{"id":988,"href":"https:\/\/mta83.com\/index.php\/wp-json\/wp\/v2\/pages\/43\/revisions\/988"}],"wp:attachment":[{"href":"https:\/\/mta83.com\/index.php\/wp-json\/wp\/v2\/media?parent=43"}],"curies":[{"name":"wp","href":"https:\/\/api.w.org\/{rel}","templated":true}]}}