{"id":958,"date":"2024-07-25T18:55:52","date_gmt":"2024-07-25T16:55:52","guid":{"rendered":"https:\/\/mta83.com\/?page_id=958"},"modified":"2024-08-20T14:49:01","modified_gmt":"2024-08-20T12:49:01","slug":"nos-realisations","status":"publish","type":"page","link":"https:\/\/mta83.com\/index.php\/nos-realisations\/","title":{"rendered":"Nos r\u00e9alisations"},"content":{"rendered":"\n<div class=\"wp-block-group is-layout-flow wp-block-group-is-layout-flow\" style=\"padding-top:30px;padding-right:30px;padding-bottom:30px;padding-left:30px\">\n<div class=\"wp-block-columns is-layout-flex wp-container-core-columns-is-layout-28f84493 wp-block-columns-is-layout-flex\"><\/div>\n<\/div>\n\n\n\n<div class=\"wp-block-query is-layout-flow wp-block-query-is-layout-flow\"><ul class=\"columns-3 wp-block-post-template is-layout-grid wp-container-core-post-template-is-layout-6d3fbd8f wp-block-post-template-is-layout-grid\"><li class=\"wp-block-post post-1122 post type-post status-publish format-standard has-post-thumbnail hentry category-non-classe\">\n<figure class=\"wp-block-post-featured-image\"><img loading=\"lazy\" decoding=\"async\" width=\"2560\" height=\"1920\" src=\"https:\/\/mta83.com\/wp-content\/uploads\/2025\/10\/climatisation-pierrefeu-du-var-3-scaled.jpg\" class=\"attachment-post-thumbnail size-post-thumbnail wp-post-image\" alt=\"\" style=\"object-fit:cover;\" srcset=\"https:\/\/mta83.com\/wp-content\/uploads\/2025\/10\/climatisation-pierrefeu-du-var-3-scaled.jpg 2560w, https:\/\/mta83.com\/wp-content\/uploads\/2025\/10\/climatisation-pierrefeu-du-var-3-300x225.jpg 300w, https:\/\/mta83.com\/wp-content\/uploads\/2025\/10\/climatisation-pierrefeu-du-var-3-1024x768.jpg 1024w, https:\/\/mta83.com\/wp-content\/uploads\/2025\/10\/climatisation-pierrefeu-du-var-3-768x576.jpg 768w, https:\/\/mta83.com\/wp-content\/uploads\/2025\/10\/climatisation-pierrefeu-du-var-3-1536x1152.jpg 1536w, https:\/\/mta83.com\/wp-content\/uploads\/2025\/10\/climatisation-pierrefeu-du-var-3-2048x1536.jpg 2048w, https:\/\/mta83.com\/wp-content\/uploads\/2025\/10\/climatisation-pierrefeu-du-var-3-24x18.jpg 24w, https:\/\/mta83.com\/wp-content\/uploads\/2025\/10\/climatisation-pierrefeu-du-var-3-36x27.jpg 36w, https:\/\/mta83.com\/wp-content\/uploads\/2025\/10\/climatisation-pierrefeu-du-var-3-48x36.jpg 48w\" sizes=\"auto, (max-width: 2560px) 100vw, 2560px\" \/><\/figure>\n\n<div class=\"wp-block-post-date\"><time datetime=\"2025-10-30T14:33:58+01:00\">30 October 2025<\/time><\/div>\n\n<h2 class=\"wp-block-post-title\">Installation de climatisation r\u00e9versible<\/h2>\n<\/li><li class=\"wp-block-post post-1113 post type-post status-publish format-standard has-post-thumbnail hentry category-non-classe\">\n<figure class=\"wp-block-post-featured-image\"><img loading=\"lazy\" decoding=\"async\" width=\"2000\" height=\"1126\" src=\"https:\/\/mta83.com\/wp-content\/uploads\/2025\/10\/climatisation-heiwa-pierrefeu-du-var.jpg\" class=\"attachment-post-thumbnail size-post-thumbnail wp-post-image\" alt=\"\" style=\"object-fit:cover;\" srcset=\"https:\/\/mta83.com\/wp-content\/uploads\/2025\/10\/climatisation-heiwa-pierrefeu-du-var.jpg 2000w, https:\/\/mta83.com\/wp-content\/uploads\/2025\/10\/climatisation-heiwa-pierrefeu-du-var-300x169.jpg 300w, https:\/\/mta83.com\/wp-content\/uploads\/2025\/10\/climatisation-heiwa-pierrefeu-du-var-1024x577.jpg 1024w, https:\/\/mta83.com\/wp-content\/uploads\/2025\/10\/climatisation-heiwa-pierrefeu-du-var-768x432.jpg 768w, https:\/\/mta83.com\/wp-content\/uploads\/2025\/10\/climatisation-heiwa-pierrefeu-du-var-1536x865.jpg 1536w, https:\/\/mta83.com\/wp-content\/uploads\/2025\/10\/climatisation-heiwa-pierrefeu-du-var-24x14.jpg 24w, https:\/\/mta83.com\/wp-content\/uploads\/2025\/10\/climatisation-heiwa-pierrefeu-du-var-36x20.jpg 36w, https:\/\/mta83.com\/wp-content\/uploads\/2025\/10\/climatisation-heiwa-pierrefeu-du-var-48x27.jpg 48w\" sizes=\"auto, (max-width: 2000px) 100vw, 2000px\" \/><\/figure>\n\n<div class=\"wp-block-post-date\"><time datetime=\"2025-10-13T09:15:54+02:00\">13 October 2025<\/time><\/div>\n\n<h2 class=\"wp-block-post-title\">Installation mono split Puget ville<\/h2>\n<\/li><li class=\"wp-block-post post-1067 post type-post status-publish format-standard has-post-thumbnail hentry category-non-classe\">\n<figure class=\"wp-block-post-featured-image\"><img loading=\"lazy\" decoding=\"async\" width=\"1080\" height=\"1080\" src=\"https:\/\/mta83.com\/wp-content\/uploads\/2024\/10\/entretien.jpg\" class=\"attachment-post-thumbnail size-post-thumbnail wp-post-image\" alt=\"\" style=\"object-fit:cover;\" srcset=\"https:\/\/mta83.com\/wp-content\/uploads\/2024\/10\/entretien.jpg 1080w, https:\/\/mta83.com\/wp-content\/uploads\/2024\/10\/entretien-300x300.jpg 300w, https:\/\/mta83.com\/wp-content\/uploads\/2024\/10\/entretien-1024x1024.jpg 1024w, https:\/\/mta83.com\/wp-content\/uploads\/2024\/10\/entretien-150x150.jpg 150w, https:\/\/mta83.com\/wp-content\/uploads\/2024\/10\/entretien-768x768.jpg 768w, https:\/\/mta83.com\/wp-content\/uploads\/2024\/10\/entretien-24x24.jpg 24w, https:\/\/mta83.com\/wp-content\/uploads\/2024\/10\/entretien-36x36.jpg 36w, https:\/\/mta83.com\/wp-content\/uploads\/2024\/10\/entretien-48x48.jpg 48w\" sizes=\"auto, (max-width: 1080px) 100vw, 1080px\" \/><\/figure>\n\n<div class=\"wp-block-post-date\"><time datetime=\"2024-10-02T10:40:09+02:00\">2 October 2024<\/time><\/div>\n\n<h2 class=\"wp-block-post-title\">Maintenance compl\u00e8te pour une efficacit\u00e9 maximale d&#8217;un mono split  \u00e0 Cuers, Var<\/h2>\n<\/li><\/ul>\n\n<nav class=\"wp-block-query-pagination is-layout-flex wp-block-query-pagination-is-layout-flex\" aria-label=\"Pagination\">\n\n\n<div class=\"wp-block-query-pagination-numbers\"><span aria-current=\"page\" class=\"page-numbers current\">1<\/span>\n<a class=\"page-numbers\" href=\"?query-2-page=2\">2<\/a>\n<a class=\"page-numbers\" href=\"?query-2-page=3\">3<\/a>\n<a class=\"page-numbers\" href=\"?query-2-page=4\">4<\/a><\/div>\n\n<a href=\"\/index.php\/wp-json\/wp\/v2\/pages\/958?query-2-page=2\" class=\"wp-block-query-pagination-next\">Next Page<\/a>\n<\/nav>\n\n<\/div>\n\n\n\n<p><\/p>\n","protected":false},"excerpt":{"rendered":"","protected":false},"author":1,"featured_media":0,"parent":0,"menu_order":0,"comment_status":"closed","ping_status":"closed","template":"","meta":{"footnotes":""},"class_list":["post-958","page","type-page","status-publish","hentry"],"_links":{"self":[{"href":"https:\/\/mta83.com\/index.php\/wp-json\/wp\/v2\/pages\/958","targetHints":{"allow":["GET"]}}],"collection":[{"href":"https:\/\/mta83.com\/index.php\/wp-json\/wp\/v2\/pages"}],"about":[{"href":"https:\/\/mta83.com\/index.php\/wp-json\/wp\/v2\/types\/page"}],"author":[{"embeddable":true,"href":"https:\/\/mta83.com\/index.php\/wp-json\/wp\/v2\/users\/1"}],"replies":[{"embeddable":true,"href":"https:\/\/mta83.com\/index.php\/wp-json\/wp\/v2\/comments?post=958"}],"version-history":[{"count":6,"href":"https:\/\/mta83.com\/index.php\/wp-json\/wp\/v2\/pages\/958\/revisions"}],"predecessor-version":[{"id":1008,"href":"https:\/\/mta83.com\/index.php\/wp-json\/wp\/v2\/pages\/958\/revisions\/1008"}],"wp:attachment":[{"href":"https:\/\/mta83.com\/index.php\/wp-json\/wp\/v2\/media?parent=958"}],"curies":[{"name":"wp","href":"https:\/\/api.w.org\/{rel}","templated":true}]}}